{"id":482,"date":"2024-11-04T16:42:50","date_gmt":"2024-11-04T16:42:50","guid":{"rendered":"https:\/\/tsuba-hotel.ms2.decms.eu\/?page_id=482"},"modified":"2025-01-16T13:54:26","modified_gmt":"2025-01-16T13:54:26","slug":"services","status":"publish","type":"page","link":"https:\/\/www.tsubahotel.com\/en\/services\/","title":{"rendered":"Services"},"content":{"rendered":"<p>From the moment guests check in to the moment they leave, the hotel\u2019s friendly and knowledgeable staff are available to meet their requirements.<\/p>\n<p>If you need to polish a presentation or book museum tickets, free WiFi, computers and a printer are available in the business corner. For everything from restaurant recommendations to shopping tips, you can rely on the local knowledge of our receptinnists, available 24 hours. Room service runs everyday from 12pm to 2pm &amp; from 6:30pm to 10pm, refreshments are only ever a quick phone call away.<\/p>\n","protected":false},"excerpt":{"rendered":"<p>From the moment guests check in to the moment they leave, the hotel\u2019s friendly and knowledgeable staff are available to meet their requirements. If you need to polish a presentation or book museum tickets, free WiFi, computers and a printer are available in the business corner. For everything from restaurant recommendations to shopping tips, you [&hellip;]<\/p>\n","protected":false},"author":12,"featured_media":0,"parent":0,"menu_order":150,"comment_status":"closed","ping_status":"closed","template":"template-services.php","meta":{"footnotes":""},"yoast_head":"<!-- This site is optimized with the Yoast SEO plugin v22.3 - https:\/\/yoast.com\/wordpress\/plugins\/seo\/ -->\n<title>Services - Le Tsuba Hotel<\/title>\n<meta name=\"description\" content=\"From the moment guests check in to the moment they leave, the hotel\u2019s friendly and knowledgeable staff are available to meet their requirements.  If you need to polish a presentation or book museum tickets, free WiFi, computers and a printer are available in the business corner. For everything from restaurant recommendations to shopping tips, you can rely on the local knowledge of our receptinnists, available 24 hours\" \/>\n<meta name=\"robots\" content=\"index, follow, max-snippet:-1, max-image-preview:large, max-video-preview:-1\" \/>\n<link rel=\"canonical\" href=\"https:\/\/www.tsubahotel.com\/en\/services\/\" \/>\n<meta property=\"og:locale\" content=\"en_US\" \/>\n<meta property=\"og:type\" content=\"article\" \/>\n<meta property=\"og:title\" content=\"Services - Le Tsuba Hotel\" \/>\n<meta property=\"og:description\" content=\"From the moment guests check in to the moment they leave, the hotel\u2019s friendly and knowledgeable staff are available to meet their requirements.  If you need to polish a presentation or book museum tickets, free WiFi, computers and a printer are available in the business corner. For everything from restaurant recommendations to shopping tips, you can rely on the local knowledge of our receptinnists, available 24 hours\" \/>\n<meta property=\"og:url\" content=\"https:\/\/www.tsubahotel.com\/en\/services\/\" \/>\n<meta property=\"og:site_name\" content=\"Le Tsuba Hotel\" \/>\n<meta property=\"article:publisher\" content=\"https:\/\/www.facebook.com\/LeTsubaHotel\/\" \/>\n<meta property=\"article:modified_time\" content=\"2025-01-16T13:54:26+00:00\" \/>\n<meta property=\"og:image\" content=\"https:\/\/www.tsubahotel.com\/wp-content\/uploads\/sites\/180\/2024\/11\/facade_small_gilles_trillard-1705x930-1.png\" \/>\n\t<meta property=\"og:image:width\" content=\"1705\" \/>\n\t<meta property=\"og:image:height\" content=\"930\" \/>\n\t<meta property=\"og:image:type\" content=\"image\/png\" \/>\n<meta name=\"twitter:card\" content=\"summary_large_image\" \/>\n<meta name=\"twitter:site\" content=\"@LeTsubaHotel\" \/>\n<meta name=\"twitter:label1\" content=\"Est. reading time\" \/>\n\t<meta name=\"twitter:data1\" content=\"1 minute\" \/>\n<script type=\"application\/ld+json\" class=\"yoast-schema-graph\">{\"@context\":\"https:\/\/schema.org\",\"@graph\":[{\"@type\":\"WebPage\",\"@id\":\"https:\/\/www.tsubahotel.com\/en\/services\/\",\"url\":\"https:\/\/www.tsubahotel.com\/en\/services\/\",\"name\":\"Services - Le Tsuba Hotel\",\"isPartOf\":{\"@id\":\"https:\/\/www.tsubahotel.com\/en\/#website\"},\"datePublished\":\"2024-11-04T16:42:50+00:00\",\"dateModified\":\"2025-01-16T13:54:26+00:00\",\"description\":\"From the moment guests check in to the moment they leave, the hotel\u2019s friendly and knowledgeable staff are available to meet their requirements. If you need to polish a presentation or book museum tickets, free WiFi, computers and a printer are available in the business corner. For everything from restaurant recommendations to shopping tips, you can rely on the local knowledge of our receptinnists, available 24 hours\",\"breadcrumb\":{\"@id\":\"https:\/\/www.tsubahotel.com\/en\/services\/#breadcrumb\"},\"inLanguage\":\"en-US\",\"potentialAction\":[{\"@type\":\"ReadAction\",\"target\":[\"https:\/\/www.tsubahotel.com\/en\/services\/\"]}]},{\"@type\":\"BreadcrumbList\",\"@id\":\"https:\/\/www.tsubahotel.com\/en\/services\/#breadcrumb\",\"itemListElement\":[{\"@type\":\"ListItem\",\"position\":1,\"name\":\"Home\",\"item\":\"https:\/\/www.tsubahotel.com\/en\/le-tsuba-hotel\/\"},{\"@type\":\"ListItem\",\"position\":2,\"name\":\"Services\"}]},{\"@type\":\"WebSite\",\"@id\":\"https:\/\/www.tsubahotel.com\/en\/#website\",\"url\":\"https:\/\/www.tsubahotel.com\/en\/\",\"name\":\"Le Tsuba Hotel\",\"description\":\"Le Tsuba H\u00f4tel \u2013 Site Officiel \u2013 H\u00f4tel 4 \u00e9toiles pr\u00e8s des Champs-\u00c9lys\u00e9es\",\"publisher\":{\"@id\":\"https:\/\/www.tsubahotel.com\/en\/#organization\"},\"alternateName\":\"Le Tsuba Hotel\",\"potentialAction\":[{\"@type\":\"SearchAction\",\"target\":{\"@type\":\"EntryPoint\",\"urlTemplate\":\"https:\/\/www.tsubahotel.com\/en\/?s={search_term_string}\"},\"query-input\":\"required name=search_term_string\"}],\"inLanguage\":\"en-US\"},{\"@type\":\"Organization\",\"@id\":\"https:\/\/www.tsubahotel.com\/en\/#organization\",\"name\":\"Le Tsuba Hotel\",\"alternateName\":\"Le Tsuba Hotel\",\"url\":\"https:\/\/www.tsubahotel.com\/en\/\",\"logo\":{\"@type\":\"ImageObject\",\"inLanguage\":\"en-US\",\"@id\":\"https:\/\/www.tsubahotel.com\/en\/#\/schema\/logo\/image\/\",\"url\":\"https:\/\/www.tsubahotel.com\/wp-content\/uploads\/sites\/180\/2024\/10\/logo-hotel.png\",\"contentUrl\":\"https:\/\/www.tsubahotel.com\/wp-content\/uploads\/sites\/180\/2024\/10\/logo-hotel.png\",\"width\":220,\"height\":210,\"caption\":\"Le Tsuba Hotel\"},\"image\":{\"@id\":\"https:\/\/www.tsubahotel.com\/en\/#\/schema\/logo\/image\/\"},\"sameAs\":[\"https:\/\/www.facebook.com\/LeTsubaHotel\/\",\"https:\/\/twitter.com\/LeTsubaHotel\",\"https:\/\/www.instagram.com\/letsubahotel\/\"]}]}<\/script>\n<!-- \/ Yoast SEO plugin. -->","yoast_head_json":{"title":"Services - Le Tsuba Hotel","description":"From the moment guests check in to the moment they leave, the hotel\u2019s friendly and knowledgeable staff are available to meet their requirements.  If you need to polish a presentation or book museum tickets, free WiFi, computers and a printer are available in the business corner. For everything from restaurant recommendations to shopping tips, you can rely on the local knowledge of our receptinnists, available 24 hours","robots":{"index":"index","follow":"follow","max-snippet":"max-snippet:-1","max-image-preview":"max-image-preview:large","max-video-preview":"max-video-preview:-1"},"canonical":"https:\/\/www.tsubahotel.com\/en\/services\/","og_locale":"en_US","og_type":"article","og_title":"Services - Le Tsuba Hotel","og_description":"From the moment guests check in to the moment they leave, the hotel\u2019s friendly and knowledgeable staff are available to meet their requirements.  If you need to polish a presentation or book museum tickets, free WiFi, computers and a printer are available in the business corner. For everything from restaurant recommendations to shopping tips, you can rely on the local knowledge of our receptinnists, available 24 hours","og_url":"https:\/\/www.tsubahotel.com\/en\/services\/","og_site_name":"Le Tsuba Hotel","article_publisher":"https:\/\/www.facebook.com\/LeTsubaHotel\/","article_modified_time":"2025-01-16T13:54:26+00:00","og_image":[{"width":1705,"height":930,"url":"https:\/\/www.tsubahotel.com\/wp-content\/uploads\/sites\/180\/2024\/11\/facade_small_gilles_trillard-1705x930-1.png","type":"image\/png"}],"twitter_card":"summary_large_image","twitter_site":"@LeTsubaHotel","twitter_misc":{"Est. reading time":"1 minute"},"schema":{"@context":"https:\/\/schema.org","@graph":[{"@type":"WebPage","@id":"https:\/\/www.tsubahotel.com\/en\/services\/","url":"https:\/\/www.tsubahotel.com\/en\/services\/","name":"Services - Le Tsuba Hotel","isPartOf":{"@id":"https:\/\/www.tsubahotel.com\/en\/#website"},"datePublished":"2024-11-04T16:42:50+00:00","dateModified":"2025-01-16T13:54:26+00:00","description":"From the moment guests check in to the moment they leave, the hotel\u2019s friendly and knowledgeable staff are available to meet their requirements. If you need to polish a presentation or book museum tickets, free WiFi, computers and a printer are available in the business corner. For everything from restaurant recommendations to shopping tips, you can rely on the local knowledge of our receptinnists, available 24 hours","breadcrumb":{"@id":"https:\/\/www.tsubahotel.com\/en\/services\/#breadcrumb"},"inLanguage":"en-US","potentialAction":[{"@type":"ReadAction","target":["https:\/\/www.tsubahotel.com\/en\/services\/"]}]},{"@type":"BreadcrumbList","@id":"https:\/\/www.tsubahotel.com\/en\/services\/#breadcrumb","itemListElement":[{"@type":"ListItem","position":1,"name":"Home","item":"https:\/\/www.tsubahotel.com\/en\/le-tsuba-hotel\/"},{"@type":"ListItem","position":2,"name":"Services"}]},{"@type":"WebSite","@id":"https:\/\/www.tsubahotel.com\/en\/#website","url":"https:\/\/www.tsubahotel.com\/en\/","name":"Le Tsuba Hotel","description":"Le Tsuba H\u00f4tel \u2013 Site Officiel \u2013 H\u00f4tel 4 \u00e9toiles pr\u00e8s des Champs-\u00c9lys\u00e9es","publisher":{"@id":"https:\/\/www.tsubahotel.com\/en\/#organization"},"alternateName":"Le Tsuba Hotel","potentialAction":[{"@type":"SearchAction","target":{"@type":"EntryPoint","urlTemplate":"https:\/\/www.tsubahotel.com\/en\/?s={search_term_string}"},"query-input":"required name=search_term_string"}],"inLanguage":"en-US"},{"@type":"Organization","@id":"https:\/\/www.tsubahotel.com\/en\/#organization","name":"Le Tsuba Hotel","alternateName":"Le Tsuba Hotel","url":"https:\/\/www.tsubahotel.com\/en\/","logo":{"@type":"ImageObject","inLanguage":"en-US","@id":"https:\/\/www.tsubahotel.com\/en\/#\/schema\/logo\/image\/","url":"https:\/\/www.tsubahotel.com\/wp-content\/uploads\/sites\/180\/2024\/10\/logo-hotel.png","contentUrl":"https:\/\/www.tsubahotel.com\/wp-content\/uploads\/sites\/180\/2024\/10\/logo-hotel.png","width":220,"height":210,"caption":"Le Tsuba Hotel"},"image":{"@id":"https:\/\/www.tsubahotel.com\/en\/#\/schema\/logo\/image\/"},"sameAs":["https:\/\/www.facebook.com\/LeTsubaHotel\/","https:\/\/twitter.com\/LeTsubaHotel","https:\/\/www.instagram.com\/letsubahotel\/"]}]}},"acf":[],"_links":{"self":[{"href":"https:\/\/www.tsubahotel.com\/en\/wp-json\/wp\/v2\/pages\/482"}],"collection":[{"href":"https:\/\/www.tsubahotel.com\/en\/wp-json\/wp\/v2\/pages"}],"about":[{"href":"https:\/\/www.tsubahotel.com\/en\/wp-json\/wp\/v2\/types\/page"}],"author":[{"embeddable":true,"href":"https:\/\/www.tsubahotel.com\/en\/wp-json\/wp\/v2\/users\/12"}],"replies":[{"embeddable":true,"href":"https:\/\/www.tsubahotel.com\/en\/wp-json\/wp\/v2\/comments?post=482"}],"version-history":[{"count":0,"href":"https:\/\/www.tsubahotel.com\/en\/wp-json\/wp\/v2\/pages\/482\/revisions"}],"wp:attachment":[{"href":"https:\/\/www.tsubahotel.com\/en\/wp-json\/wp\/v2\/media?parent=482"}],"curies":[{"name":"wp","href":"https:\/\/api.w.org\/{rel}","templated":true}]}}