{"id":493,"date":"2024-11-20T17:18:35","date_gmt":"2024-11-20T17:18:35","guid":{"rendered":"https:\/\/tsuba-hotel.ms2.decms.eu\/?page_id=493"},"modified":"2025-01-16T15:24:59","modified_gmt":"2025-01-16T15:24:59","slug":"location","status":"publish","type":"page","link":"https:\/\/www.tsubahotel.com\/en\/location\/","title":{"rendered":"Location"},"content":{"rendered":"<p>In the heart of the vibrant 17th arrondissement on Rue des Acacias, Le Tsuba Hotel is easy to access whether you&#8217;re arriving by plane, train, bus or car. Taxis and buses offer convenient airport connections, and excellent metro links put major rail and bus stations within easy reach.<br \/>\nLE BUS DIRECT provides transfers between Paris airports and Place Charles de Gaulle &#8211; Etoile (5 minute-walk from the hotel), 12 \u20ac from Orly airport and 21 \u20ac from CDG airport (Price is given as an indication). More information on\u00a0<a href=\"https:\/\/www.tsubahotel.com\/en\/location\/www.lebusdirect.com\">Le Bus Direct<\/a>.<\/p>\n<p>3 public car parks (not managed by the hotel) are within a 5-minute walk: Parking Indigo Avenue Carnot \/ Parking Indigo Mac Mahon Avenue \/ Parking Autocit\u00e9 Avenue des Ternes. The price for 24 hours is 40 \u20ac (Price given as an indication).<\/p>\n<p>It&#8217;s a 7-minute walk from the hotel to Charles de Gaulle Etoile metro station, from where RER A and lines 1, 2 and 6 can whisk you around Paris.<\/p>\n","protected":false},"excerpt":{"rendered":"<p>In the heart of the vibrant 17th arrondissement on Rue des Acacias, Le Tsuba Hotel is easy to access whether you&#8217;re arriving by plane, train, bus or car. Taxis and buses offer convenient airport connections, and excellent metro links put major rail and bus stations within easy reach. LE BUS DIRECT provides transfers between Paris [&hellip;]<\/p>\n","protected":false},"author":12,"featured_media":0,"parent":0,"menu_order":50,"comment_status":"closed","ping_status":"closed","template":"template-location.php","meta":{"footnotes":""},"yoast_head":"<!-- This site is optimized with the Yoast SEO plugin v22.3 - https:\/\/yoast.com\/wordpress\/plugins\/seo\/ -->\n<title>Location - Le Tsuba Hotel<\/title>\n<meta name=\"description\" content=\"In the heart of the vibrant 17th arrondissement on Rue des Acacias, Le Tsuba Hotel is easy to access whether you&#039;re arriving by plane, train, bus or car. Taxis and buses offer convenient airport connections, and excellent metro links put major rail and bus stations within easy reach. LE BUS DIRECT provides transfers between Paris airports and Place Charles de Gaulle - Etoile (5 minute-walk from the hotel), 12 \u20ac from Orly airport and 21 \u20ac from CDG airport (Price is given as an indication)\" \/>\n<meta name=\"robots\" content=\"index, follow, max-snippet:-1, max-image-preview:large, max-video-preview:-1\" \/>\n<link rel=\"canonical\" href=\"https:\/\/www.tsubahotel.com\/en\/location\/\" \/>\n<meta property=\"og:locale\" content=\"en_US\" \/>\n<meta property=\"og:type\" content=\"article\" \/>\n<meta property=\"og:title\" content=\"Location - Le Tsuba Hotel\" \/>\n<meta property=\"og:description\" content=\"In the heart of the vibrant 17th arrondissement on Rue des Acacias, Le Tsuba Hotel is easy to access whether you&#039;re arriving by plane, train, bus or car. Taxis and buses offer convenient airport connections, and excellent metro links put major rail and bus stations within easy reach. LE BUS DIRECT provides transfers between Paris airports and Place Charles de Gaulle - Etoile (5 minute-walk from the hotel), 12 \u20ac from Orly airport and 21 \u20ac from CDG airport (Price is given as an indication)\" \/>\n<meta property=\"og:url\" content=\"https:\/\/www.tsubahotel.com\/en\/location\/\" \/>\n<meta property=\"og:site_name\" content=\"Le Tsuba Hotel\" \/>\n<meta property=\"article:publisher\" content=\"https:\/\/www.facebook.com\/LeTsubaHotel\/\" \/>\n<meta property=\"article:modified_time\" content=\"2025-01-16T15:24:59+00:00\" \/>\n<meta property=\"og:image\" content=\"https:\/\/www.tsubahotel.com\/wp-content\/uploads\/sites\/180\/2024\/11\/facade_small_gilles_trillard-1705x930-1.png\" \/>\n\t<meta property=\"og:image:width\" content=\"1705\" \/>\n\t<meta property=\"og:image:height\" content=\"930\" \/>\n\t<meta property=\"og:image:type\" content=\"image\/png\" \/>\n<meta name=\"twitter:card\" content=\"summary_large_image\" \/>\n<meta name=\"twitter:site\" content=\"@LeTsubaHotel\" \/>\n<meta name=\"twitter:label1\" content=\"Est. reading time\" \/>\n\t<meta name=\"twitter:data1\" content=\"1 minute\" \/>\n<script type=\"application\/ld+json\" class=\"yoast-schema-graph\">{\"@context\":\"https:\/\/schema.org\",\"@graph\":[{\"@type\":\"WebPage\",\"@id\":\"https:\/\/www.tsubahotel.com\/en\/location\/\",\"url\":\"https:\/\/www.tsubahotel.com\/en\/location\/\",\"name\":\"Location - Le Tsuba Hotel\",\"isPartOf\":{\"@id\":\"https:\/\/www.tsubahotel.com\/en\/#website\"},\"datePublished\":\"2024-11-20T17:18:35+00:00\",\"dateModified\":\"2025-01-16T15:24:59+00:00\",\"description\":\"In the heart of the vibrant 17th arrondissement on Rue des Acacias, Le Tsuba Hotel is easy to access whether you're arriving by plane, train, bus or car. Taxis and buses offer convenient airport connections, and excellent metro links put major rail and bus stations within easy reach. LE BUS DIRECT provides transfers between Paris airports and Place Charles de Gaulle - Etoile (5 minute-walk from the hotel), 12 \u20ac from Orly airport and 21 \u20ac from CDG airport (Price is given as an indication)\",\"breadcrumb\":{\"@id\":\"https:\/\/www.tsubahotel.com\/en\/location\/#breadcrumb\"},\"inLanguage\":\"en-US\",\"potentialAction\":[{\"@type\":\"ReadAction\",\"target\":[\"https:\/\/www.tsubahotel.com\/en\/location\/\"]}]},{\"@type\":\"BreadcrumbList\",\"@id\":\"https:\/\/www.tsubahotel.com\/en\/location\/#breadcrumb\",\"itemListElement\":[{\"@type\":\"ListItem\",\"position\":1,\"name\":\"Home\",\"item\":\"https:\/\/www.tsubahotel.com\/en\/le-tsuba-hotel\/\"},{\"@type\":\"ListItem\",\"position\":2,\"name\":\"Location\"}]},{\"@type\":\"WebSite\",\"@id\":\"https:\/\/www.tsubahotel.com\/en\/#website\",\"url\":\"https:\/\/www.tsubahotel.com\/en\/\",\"name\":\"Le Tsuba Hotel\",\"description\":\"Le Tsuba H\u00f4tel \u2013 Site Officiel \u2013 H\u00f4tel 4 \u00e9toiles pr\u00e8s des Champs-\u00c9lys\u00e9es\",\"publisher\":{\"@id\":\"https:\/\/www.tsubahotel.com\/en\/#organization\"},\"alternateName\":\"Le Tsuba Hotel\",\"potentialAction\":[{\"@type\":\"SearchAction\",\"target\":{\"@type\":\"EntryPoint\",\"urlTemplate\":\"https:\/\/www.tsubahotel.com\/en\/?s={search_term_string}\"},\"query-input\":\"required name=search_term_string\"}],\"inLanguage\":\"en-US\"},{\"@type\":\"Organization\",\"@id\":\"https:\/\/www.tsubahotel.com\/en\/#organization\",\"name\":\"Le Tsuba Hotel\",\"alternateName\":\"Le Tsuba Hotel\",\"url\":\"https:\/\/www.tsubahotel.com\/en\/\",\"logo\":{\"@type\":\"ImageObject\",\"inLanguage\":\"en-US\",\"@id\":\"https:\/\/www.tsubahotel.com\/en\/#\/schema\/logo\/image\/\",\"url\":\"https:\/\/www.tsubahotel.com\/wp-content\/uploads\/sites\/180\/2024\/10\/logo-hotel.png\",\"contentUrl\":\"https:\/\/www.tsubahotel.com\/wp-content\/uploads\/sites\/180\/2024\/10\/logo-hotel.png\",\"width\":220,\"height\":210,\"caption\":\"Le Tsuba Hotel\"},\"image\":{\"@id\":\"https:\/\/www.tsubahotel.com\/en\/#\/schema\/logo\/image\/\"},\"sameAs\":[\"https:\/\/www.facebook.com\/LeTsubaHotel\/\",\"https:\/\/twitter.com\/LeTsubaHotel\",\"https:\/\/www.instagram.com\/letsubahotel\/\"]}]}<\/script>\n<!-- \/ Yoast SEO plugin. -->","yoast_head_json":{"title":"Location - Le Tsuba Hotel","description":"In the heart of the vibrant 17th arrondissement on Rue des Acacias, Le Tsuba Hotel is easy to access whether you're arriving by plane, train, bus or car. Taxis and buses offer convenient airport connections, and excellent metro links put major rail and bus stations within easy reach. LE BUS DIRECT provides transfers between Paris airports and Place Charles de Gaulle - Etoile (5 minute-walk from the hotel), 12 \u20ac from Orly airport and 21 \u20ac from CDG airport (Price is given as an indication)","robots":{"index":"index","follow":"follow","max-snippet":"max-snippet:-1","max-image-preview":"max-image-preview:large","max-video-preview":"max-video-preview:-1"},"canonical":"https:\/\/www.tsubahotel.com\/en\/location\/","og_locale":"en_US","og_type":"article","og_title":"Location - Le Tsuba Hotel","og_description":"In the heart of the vibrant 17th arrondissement on Rue des Acacias, Le Tsuba Hotel is easy to access whether you're arriving by plane, train, bus or car. Taxis and buses offer convenient airport connections, and excellent metro links put major rail and bus stations within easy reach. LE BUS DIRECT provides transfers between Paris airports and Place Charles de Gaulle - Etoile (5 minute-walk from the hotel), 12 \u20ac from Orly airport and 21 \u20ac from CDG airport (Price is given as an indication)","og_url":"https:\/\/www.tsubahotel.com\/en\/location\/","og_site_name":"Le Tsuba Hotel","article_publisher":"https:\/\/www.facebook.com\/LeTsubaHotel\/","article_modified_time":"2025-01-16T15:24:59+00:00","og_image":[{"width":1705,"height":930,"url":"https:\/\/www.tsubahotel.com\/wp-content\/uploads\/sites\/180\/2024\/11\/facade_small_gilles_trillard-1705x930-1.png","type":"image\/png"}],"twitter_card":"summary_large_image","twitter_site":"@LeTsubaHotel","twitter_misc":{"Est. reading time":"1 minute"},"schema":{"@context":"https:\/\/schema.org","@graph":[{"@type":"WebPage","@id":"https:\/\/www.tsubahotel.com\/en\/location\/","url":"https:\/\/www.tsubahotel.com\/en\/location\/","name":"Location - Le Tsuba Hotel","isPartOf":{"@id":"https:\/\/www.tsubahotel.com\/en\/#website"},"datePublished":"2024-11-20T17:18:35+00:00","dateModified":"2025-01-16T15:24:59+00:00","description":"In the heart of the vibrant 17th arrondissement on Rue des Acacias, Le Tsuba Hotel is easy to access whether you're arriving by plane, train, bus or car. Taxis and buses offer convenient airport connections, and excellent metro links put major rail and bus stations within easy reach. LE BUS DIRECT provides transfers between Paris airports and Place Charles de Gaulle - Etoile (5 minute-walk from the hotel), 12 \u20ac from Orly airport and 21 \u20ac from CDG airport (Price is given as an indication)","breadcrumb":{"@id":"https:\/\/www.tsubahotel.com\/en\/location\/#breadcrumb"},"inLanguage":"en-US","potentialAction":[{"@type":"ReadAction","target":["https:\/\/www.tsubahotel.com\/en\/location\/"]}]},{"@type":"BreadcrumbList","@id":"https:\/\/www.tsubahotel.com\/en\/location\/#breadcrumb","itemListElement":[{"@type":"ListItem","position":1,"name":"Home","item":"https:\/\/www.tsubahotel.com\/en\/le-tsuba-hotel\/"},{"@type":"ListItem","position":2,"name":"Location"}]},{"@type":"WebSite","@id":"https:\/\/www.tsubahotel.com\/en\/#website","url":"https:\/\/www.tsubahotel.com\/en\/","name":"Le Tsuba Hotel","description":"Le Tsuba H\u00f4tel \u2013 Site Officiel \u2013 H\u00f4tel 4 \u00e9toiles pr\u00e8s des Champs-\u00c9lys\u00e9es","publisher":{"@id":"https:\/\/www.tsubahotel.com\/en\/#organization"},"alternateName":"Le Tsuba Hotel","potentialAction":[{"@type":"SearchAction","target":{"@type":"EntryPoint","urlTemplate":"https:\/\/www.tsubahotel.com\/en\/?s={search_term_string}"},"query-input":"required name=search_term_string"}],"inLanguage":"en-US"},{"@type":"Organization","@id":"https:\/\/www.tsubahotel.com\/en\/#organization","name":"Le Tsuba Hotel","alternateName":"Le Tsuba Hotel","url":"https:\/\/www.tsubahotel.com\/en\/","logo":{"@type":"ImageObject","inLanguage":"en-US","@id":"https:\/\/www.tsubahotel.com\/en\/#\/schema\/logo\/image\/","url":"https:\/\/www.tsubahotel.com\/wp-content\/uploads\/sites\/180\/2024\/10\/logo-hotel.png","contentUrl":"https:\/\/www.tsubahotel.com\/wp-content\/uploads\/sites\/180\/2024\/10\/logo-hotel.png","width":220,"height":210,"caption":"Le Tsuba Hotel"},"image":{"@id":"https:\/\/www.tsubahotel.com\/en\/#\/schema\/logo\/image\/"},"sameAs":["https:\/\/www.facebook.com\/LeTsubaHotel\/","https:\/\/twitter.com\/LeTsubaHotel","https:\/\/www.instagram.com\/letsubahotel\/"]}]}},"acf":[],"_links":{"self":[{"href":"https:\/\/www.tsubahotel.com\/en\/wp-json\/wp\/v2\/pages\/493"}],"collection":[{"href":"https:\/\/www.tsubahotel.com\/en\/wp-json\/wp\/v2\/pages"}],"about":[{"href":"https:\/\/www.tsubahotel.com\/en\/wp-json\/wp\/v2\/types\/page"}],"author":[{"embeddable":true,"href":"https:\/\/www.tsubahotel.com\/en\/wp-json\/wp\/v2\/users\/12"}],"replies":[{"embeddable":true,"href":"https:\/\/www.tsubahotel.com\/en\/wp-json\/wp\/v2\/comments?post=493"}],"version-history":[{"count":0,"href":"https:\/\/www.tsubahotel.com\/en\/wp-json\/wp\/v2\/pages\/493\/revisions"}],"wp:attachment":[{"href":"https:\/\/www.tsubahotel.com\/en\/wp-json\/wp\/v2\/media?parent=493"}],"curies":[{"name":"wp","href":"https:\/\/api.w.org\/{rel}","templated":true}]}}