{"id":497,"date":"2024-11-07T13:46:24","date_gmt":"2024-11-07T13:46:24","guid":{"rendered":"https:\/\/tsuba-hotel.ms2.decms.eu\/?page_id=497"},"modified":"2025-08-07T09:41:01","modified_gmt":"2025-08-07T09:41:01","slug":"bar-breakfast","status":"publish","type":"page","link":"https:\/\/www.tsubahotel.com\/en\/bar-breakfast\/","title":{"rendered":"Bar &amp; Breakfast"},"content":{"rendered":"<p>Comfortable armchairs and plush rugs add warmth to the refined hotel lounge, where you can sip drinks or simply relax with friends or colleagues beneath a huge skylight. From the backlit bar with stencilled glass to the intricate floor mosaic, unique design features are striking but never intrusive.<\/p>\n<p>In good weather the outdoor terrace is the perfect spot to read the newspaper over tea or coffee. A generous hot and cold breakfast buffet is served in the elegant breakfast area, a pared-down space with stylish design furniture and parquet flooring. Quieter pockets in the lounge include a business corner and a library area, where you can catch up on work or unwind with a book and a drink. The hotel\u2019s experienced bar staff are happy to pour a glass of wine at any time of day.<\/p>\n<p>When you\u2019re feeling hungry, you can order a delicious meal straight to your room.<\/p>\n<p>Or head out to discover the chic bistros of the 17th arrondissement, within easy reach of the hotel.<\/p>\n","protected":false},"excerpt":{"rendered":"<p>Comfortable armchairs and plush rugs add warmth to the refined hotel lounge, where you can sip drinks or simply relax with friends or colleagues beneath a huge skylight. From the backlit bar with stencilled glass to the intricate floor mosaic, unique design features are striking but never intrusive. In good weather the outdoor terrace is [&hellip;]<\/p>\n","protected":false},"author":12,"featured_media":94,"parent":0,"menu_order":15,"comment_status":"closed","ping_status":"closed","template":"template-restaurants.php","meta":{"footnotes":""},"yoast_head":"<!-- This site is optimized with the Yoast SEO plugin v22.3 - https:\/\/yoast.com\/wordpress\/plugins\/seo\/ -->\n<title>Bar &amp; Breakfast - Le Tsuba Hotel<\/title>\n<meta name=\"description\" content=\"Comfortable armchairs and plush rugs add warmth to the refined hotel lounge, where you can sip drinks or simply relax with friends or colleagues beneath a huge skylight. From the backlit bar with stencilled glass to the intricate floor mosaic, unique design features are striking but never intrusive.  In good weather the outdoor terrace is the perfect spot to read the newspaper over tea or coffee\" \/>\n<meta name=\"robots\" content=\"index, follow, max-snippet:-1, max-image-preview:large, max-video-preview:-1\" \/>\n<link rel=\"canonical\" href=\"https:\/\/www.tsubahotel.com\/en\/bar-breakfast\/\" \/>\n<meta property=\"og:locale\" content=\"en_US\" \/>\n<meta property=\"og:type\" content=\"article\" \/>\n<meta property=\"og:title\" content=\"Bar &amp; Breakfast - Le Tsuba Hotel\" \/>\n<meta property=\"og:description\" content=\"Comfortable armchairs and plush rugs add warmth to the refined hotel lounge, where you can sip drinks or simply relax with friends or colleagues beneath a huge skylight. From the backlit bar with stencilled glass to the intricate floor mosaic, unique design features are striking but never intrusive.  In good weather the outdoor terrace is the perfect spot to read the newspaper over tea or coffee\" \/>\n<meta property=\"og:url\" content=\"https:\/\/www.tsubahotel.com\/en\/bar-breakfast\/\" \/>\n<meta property=\"og:site_name\" content=\"Le Tsuba Hotel\" \/>\n<meta property=\"article:publisher\" content=\"https:\/\/www.facebook.com\/LeTsubaHotel\/\" \/>\n<meta property=\"article:modified_time\" content=\"2025-08-07T09:41:01+00:00\" \/>\n<meta property=\"og:image\" content=\"https:\/\/www.tsubahotel.com\/wp-content\/uploads\/sites\/180\/2024\/11\/3W8A6721-2-md-1.jpg\" \/>\n\t<meta property=\"og:image:width\" content=\"1800\" \/>\n\t<meta property=\"og:image:height\" content=\"1200\" \/>\n\t<meta property=\"og:image:type\" content=\"image\/jpeg\" \/>\n<meta name=\"twitter:card\" content=\"summary_large_image\" \/>\n<meta name=\"twitter:site\" content=\"@LeTsubaHotel\" \/>\n<meta name=\"twitter:label1\" content=\"Est. reading time\" \/>\n\t<meta name=\"twitter:data1\" content=\"2 minutes\" \/>\n<script type=\"application\/ld+json\" class=\"yoast-schema-graph\">{\"@context\":\"https:\/\/schema.org\",\"@graph\":[{\"@type\":\"WebPage\",\"@id\":\"https:\/\/www.tsubahotel.com\/en\/bar-breakfast\/\",\"url\":\"https:\/\/www.tsubahotel.com\/en\/bar-breakfast\/\",\"name\":\"Bar &amp; Breakfast - Le Tsuba Hotel\",\"isPartOf\":{\"@id\":\"https:\/\/www.tsubahotel.com\/en\/#website\"},\"primaryImageOfPage\":{\"@id\":\"https:\/\/www.tsubahotel.com\/en\/bar-breakfast\/#primaryimage\"},\"image\":{\"@id\":\"https:\/\/www.tsubahotel.com\/en\/bar-breakfast\/#primaryimage\"},\"thumbnailUrl\":\"https:\/\/www.tsubahotel.com\/wp-content\/uploads\/sites\/180\/2024\/11\/3W8A6721-2-md-1.jpg\",\"datePublished\":\"2024-11-07T13:46:24+00:00\",\"dateModified\":\"2025-08-07T09:41:01+00:00\",\"description\":\"Comfortable armchairs and plush rugs add warmth to the refined hotel lounge, where you can sip drinks or simply relax with friends or colleagues beneath a huge skylight. From the backlit bar with stencilled glass to the intricate floor mosaic, unique design features are striking but never intrusive. In good weather the outdoor terrace is the perfect spot to read the newspaper over tea or coffee\",\"breadcrumb\":{\"@id\":\"https:\/\/www.tsubahotel.com\/en\/bar-breakfast\/#breadcrumb\"},\"inLanguage\":\"en-US\",\"potentialAction\":[{\"@type\":\"ReadAction\",\"target\":[\"https:\/\/www.tsubahotel.com\/en\/bar-breakfast\/\"]}]},{\"@type\":\"ImageObject\",\"inLanguage\":\"en-US\",\"@id\":\"https:\/\/www.tsubahotel.com\/en\/bar-breakfast\/#primaryimage\",\"url\":\"https:\/\/www.tsubahotel.com\/wp-content\/uploads\/sites\/180\/2024\/11\/3W8A6721-2-md-1.jpg\",\"contentUrl\":\"https:\/\/www.tsubahotel.com\/wp-content\/uploads\/sites\/180\/2024\/11\/3W8A6721-2-md-1.jpg\",\"width\":1800,\"height\":1200},{\"@type\":\"BreadcrumbList\",\"@id\":\"https:\/\/www.tsubahotel.com\/en\/bar-breakfast\/#breadcrumb\",\"itemListElement\":[{\"@type\":\"ListItem\",\"position\":1,\"name\":\"Home\",\"item\":\"https:\/\/www.tsubahotel.com\/en\/le-tsuba-hotel\/\"},{\"@type\":\"ListItem\",\"position\":2,\"name\":\"Bar &amp; Breakfast\"}]},{\"@type\":\"WebSite\",\"@id\":\"https:\/\/www.tsubahotel.com\/en\/#website\",\"url\":\"https:\/\/www.tsubahotel.com\/en\/\",\"name\":\"Le Tsuba Hotel\",\"description\":\"Le Tsuba H\u00f4tel \u2013 Site Officiel \u2013 H\u00f4tel 4 \u00e9toiles pr\u00e8s des Champs-\u00c9lys\u00e9es\",\"publisher\":{\"@id\":\"https:\/\/www.tsubahotel.com\/en\/#organization\"},\"alternateName\":\"Le Tsuba Hotel\",\"potentialAction\":[{\"@type\":\"SearchAction\",\"target\":{\"@type\":\"EntryPoint\",\"urlTemplate\":\"https:\/\/www.tsubahotel.com\/en\/?s={search_term_string}\"},\"query-input\":\"required name=search_term_string\"}],\"inLanguage\":\"en-US\"},{\"@type\":\"Organization\",\"@id\":\"https:\/\/www.tsubahotel.com\/en\/#organization\",\"name\":\"Le Tsuba Hotel\",\"alternateName\":\"Le Tsuba Hotel\",\"url\":\"https:\/\/www.tsubahotel.com\/en\/\",\"logo\":{\"@type\":\"ImageObject\",\"inLanguage\":\"en-US\",\"@id\":\"https:\/\/www.tsubahotel.com\/en\/#\/schema\/logo\/image\/\",\"url\":\"https:\/\/www.tsubahotel.com\/wp-content\/uploads\/sites\/180\/2024\/10\/logo-hotel.png\",\"contentUrl\":\"https:\/\/www.tsubahotel.com\/wp-content\/uploads\/sites\/180\/2024\/10\/logo-hotel.png\",\"width\":220,\"height\":210,\"caption\":\"Le Tsuba Hotel\"},\"image\":{\"@id\":\"https:\/\/www.tsubahotel.com\/en\/#\/schema\/logo\/image\/\"},\"sameAs\":[\"https:\/\/www.facebook.com\/LeTsubaHotel\/\",\"https:\/\/twitter.com\/LeTsubaHotel\",\"https:\/\/www.instagram.com\/letsubahotel\/\"]}]}<\/script>\n<!-- \/ Yoast SEO plugin. -->","yoast_head_json":{"title":"Bar &amp; Breakfast - Le Tsuba Hotel","description":"Comfortable armchairs and plush rugs add warmth to the refined hotel lounge, where you can sip drinks or simply relax with friends or colleagues beneath a huge skylight. From the backlit bar with stencilled glass to the intricate floor mosaic, unique design features are striking but never intrusive.  In good weather the outdoor terrace is the perfect spot to read the newspaper over tea or coffee","robots":{"index":"index","follow":"follow","max-snippet":"max-snippet:-1","max-image-preview":"max-image-preview:large","max-video-preview":"max-video-preview:-1"},"canonical":"https:\/\/www.tsubahotel.com\/en\/bar-breakfast\/","og_locale":"en_US","og_type":"article","og_title":"Bar &amp; Breakfast - Le Tsuba Hotel","og_description":"Comfortable armchairs and plush rugs add warmth to the refined hotel lounge, where you can sip drinks or simply relax with friends or colleagues beneath a huge skylight. From the backlit bar with stencilled glass to the intricate floor mosaic, unique design features are striking but never intrusive.  In good weather the outdoor terrace is the perfect spot to read the newspaper over tea or coffee","og_url":"https:\/\/www.tsubahotel.com\/en\/bar-breakfast\/","og_site_name":"Le Tsuba Hotel","article_publisher":"https:\/\/www.facebook.com\/LeTsubaHotel\/","article_modified_time":"2025-08-07T09:41:01+00:00","og_image":[{"width":1800,"height":1200,"url":"https:\/\/www.tsubahotel.com\/wp-content\/uploads\/sites\/180\/2024\/11\/3W8A6721-2-md-1.jpg","type":"image\/jpeg"}],"twitter_card":"summary_large_image","twitter_site":"@LeTsubaHotel","twitter_misc":{"Est. reading time":"2 minutes"},"schema":{"@context":"https:\/\/schema.org","@graph":[{"@type":"WebPage","@id":"https:\/\/www.tsubahotel.com\/en\/bar-breakfast\/","url":"https:\/\/www.tsubahotel.com\/en\/bar-breakfast\/","name":"Bar &amp; Breakfast - Le Tsuba Hotel","isPartOf":{"@id":"https:\/\/www.tsubahotel.com\/en\/#website"},"primaryImageOfPage":{"@id":"https:\/\/www.tsubahotel.com\/en\/bar-breakfast\/#primaryimage"},"image":{"@id":"https:\/\/www.tsubahotel.com\/en\/bar-breakfast\/#primaryimage"},"thumbnailUrl":"https:\/\/www.tsubahotel.com\/wp-content\/uploads\/sites\/180\/2024\/11\/3W8A6721-2-md-1.jpg","datePublished":"2024-11-07T13:46:24+00:00","dateModified":"2025-08-07T09:41:01+00:00","description":"Comfortable armchairs and plush rugs add warmth to the refined hotel lounge, where you can sip drinks or simply relax with friends or colleagues beneath a huge skylight. From the backlit bar with stencilled glass to the intricate floor mosaic, unique design features are striking but never intrusive. In good weather the outdoor terrace is the perfect spot to read the newspaper over tea or coffee","breadcrumb":{"@id":"https:\/\/www.tsubahotel.com\/en\/bar-breakfast\/#breadcrumb"},"inLanguage":"en-US","potentialAction":[{"@type":"ReadAction","target":["https:\/\/www.tsubahotel.com\/en\/bar-breakfast\/"]}]},{"@type":"ImageObject","inLanguage":"en-US","@id":"https:\/\/www.tsubahotel.com\/en\/bar-breakfast\/#primaryimage","url":"https:\/\/www.tsubahotel.com\/wp-content\/uploads\/sites\/180\/2024\/11\/3W8A6721-2-md-1.jpg","contentUrl":"https:\/\/www.tsubahotel.com\/wp-content\/uploads\/sites\/180\/2024\/11\/3W8A6721-2-md-1.jpg","width":1800,"height":1200},{"@type":"BreadcrumbList","@id":"https:\/\/www.tsubahotel.com\/en\/bar-breakfast\/#breadcrumb","itemListElement":[{"@type":"ListItem","position":1,"name":"Home","item":"https:\/\/www.tsubahotel.com\/en\/le-tsuba-hotel\/"},{"@type":"ListItem","position":2,"name":"Bar &amp; Breakfast"}]},{"@type":"WebSite","@id":"https:\/\/www.tsubahotel.com\/en\/#website","url":"https:\/\/www.tsubahotel.com\/en\/","name":"Le Tsuba Hotel","description":"Le Tsuba H\u00f4tel \u2013 Site Officiel \u2013 H\u00f4tel 4 \u00e9toiles pr\u00e8s des Champs-\u00c9lys\u00e9es","publisher":{"@id":"https:\/\/www.tsubahotel.com\/en\/#organization"},"alternateName":"Le Tsuba Hotel","potentialAction":[{"@type":"SearchAction","target":{"@type":"EntryPoint","urlTemplate":"https:\/\/www.tsubahotel.com\/en\/?s={search_term_string}"},"query-input":"required name=search_term_string"}],"inLanguage":"en-US"},{"@type":"Organization","@id":"https:\/\/www.tsubahotel.com\/en\/#organization","name":"Le Tsuba Hotel","alternateName":"Le Tsuba Hotel","url":"https:\/\/www.tsubahotel.com\/en\/","logo":{"@type":"ImageObject","inLanguage":"en-US","@id":"https:\/\/www.tsubahotel.com\/en\/#\/schema\/logo\/image\/","url":"https:\/\/www.tsubahotel.com\/wp-content\/uploads\/sites\/180\/2024\/10\/logo-hotel.png","contentUrl":"https:\/\/www.tsubahotel.com\/wp-content\/uploads\/sites\/180\/2024\/10\/logo-hotel.png","width":220,"height":210,"caption":"Le Tsuba Hotel"},"image":{"@id":"https:\/\/www.tsubahotel.com\/en\/#\/schema\/logo\/image\/"},"sameAs":["https:\/\/www.facebook.com\/LeTsubaHotel\/","https:\/\/twitter.com\/LeTsubaHotel","https:\/\/www.instagram.com\/letsubahotel\/"]}]}},"acf":[],"_links":{"self":[{"href":"https:\/\/www.tsubahotel.com\/en\/wp-json\/wp\/v2\/pages\/497"}],"collection":[{"href":"https:\/\/www.tsubahotel.com\/en\/wp-json\/wp\/v2\/pages"}],"about":[{"href":"https:\/\/www.tsubahotel.com\/en\/wp-json\/wp\/v2\/types\/page"}],"author":[{"embeddable":true,"href":"https:\/\/www.tsubahotel.com\/en\/wp-json\/wp\/v2\/users\/12"}],"replies":[{"embeddable":true,"href":"https:\/\/www.tsubahotel.com\/en\/wp-json\/wp\/v2\/comments?post=497"}],"version-history":[{"count":0,"href":"https:\/\/www.tsubahotel.com\/en\/wp-json\/wp\/v2\/pages\/497\/revisions"}],"wp:featuredmedia":[{"embeddable":true,"href":"https:\/\/www.tsubahotel.com\/en\/wp-json\/wp\/v2\/media\/94"}],"wp:attachment":[{"href":"https:\/\/www.tsubahotel.com\/en\/wp-json\/wp\/v2\/media?parent=497"}],"curies":[{"name":"wp","href":"https:\/\/api.w.org\/{rel}","templated":true}]}}