{"id":501,"date":"2024-11-20T13:48:09","date_gmt":"2024-11-20T13:48:09","guid":{"rendered":"https:\/\/tsuba-hotel.ms2.decms.eu\/?page_id=501"},"modified":"2025-03-24T16:17:29","modified_gmt":"2025-03-24T16:17:29","slug":"executive-room","status":"publish","type":"page","link":"https:\/\/www.tsubahotel.com\/en\/rooms-suites\/executive-room\/","title":{"rendered":"Executive Room"},"content":{"rendered":"<p>Large <strong>Executive rooms<\/strong> offer plenty of space to relax in when you\u2019re taking a break from business or sightseeing.<\/p>\n<p>You can choose from a double bed or twin beds, with room for an extra bed if you\u2019re travelling with a child.<\/p>\n<p>Kick-start your day with a premium fresh coffee brewed in a Nespresso machine, and catch up on emails with free WiFi. In the evening, you can watch international channels on the flat-screen TV, or take advantage of complimentary access to the hotel\u2019s spa and fitness centre.<\/p>\n<p>Hungry? Room service is available 24 hours a day.<\/p>\n","protected":false},"excerpt":{"rendered":"<p>Large Executive rooms offer plenty of space to relax in when you\u2019re taking a break from business or sightseeing. You can choose from a double bed or twin beds, with room for an extra bed if you\u2019re travelling with a child. Kick-start your day with a premium fresh coffee brewed in a Nespresso machine, and [&hellip;]<\/p>\n","protected":false},"author":12,"featured_media":157,"parent":498,"menu_order":11,"comment_status":"closed","ping_status":"closed","template":"template-single-room.php","meta":{"footnotes":""},"yoast_head":"<!-- This site is optimized with the Yoast SEO plugin v22.3 - https:\/\/yoast.com\/wordpress\/plugins\/seo\/ -->\n<title>Executive Room - Le Tsuba Hotel<\/title>\n<meta name=\"description\" content=\"Large Executive rooms offer plenty of space to relax in when you\u2019re taking a break from business or sightseeing.  You can choose from a double bed or twin beds, with room for an extra bed if you\u2019re travelling with a child.  Kick-start your day with a premium fresh coffee brewed in a Nespresso machine, and catch up on emails with free WiFi. In the evening, you can watch international channels on the flat-screen TV, or take advantage of complimentary access to the hotel\u2019s spa and fitness centre.  Hungry? Room service is available 24 hours a day.\" \/>\n<meta name=\"robots\" content=\"index, follow, max-snippet:-1, max-image-preview:large, max-video-preview:-1\" \/>\n<link rel=\"canonical\" href=\"https:\/\/www.tsubahotel.com\/en\/rooms-suites\/executive-room\/\" \/>\n<meta property=\"og:locale\" content=\"en_US\" \/>\n<meta property=\"og:type\" content=\"article\" \/>\n<meta property=\"og:title\" content=\"Executive Room - Le Tsuba Hotel\" \/>\n<meta property=\"og:description\" content=\"Large Executive rooms offer plenty of space to relax in when you\u2019re taking a break from business or sightseeing.  You can choose from a double bed or twin beds, with room for an extra bed if you\u2019re travelling with a child.  Kick-start your day with a premium fresh coffee brewed in a Nespresso machine, and catch up on emails with free WiFi. In the evening, you can watch international channels on the flat-screen TV, or take advantage of complimentary access to the hotel\u2019s spa and fitness centre.  Hungry? Room service is available 24 hours a day.\" \/>\n<meta property=\"og:url\" content=\"https:\/\/www.tsubahotel.com\/en\/rooms-suites\/executive-room\/\" \/>\n<meta property=\"og:site_name\" content=\"Le Tsuba Hotel\" \/>\n<meta property=\"article:publisher\" content=\"https:\/\/www.facebook.com\/LeTsubaHotel\/\" \/>\n<meta property=\"article:modified_time\" content=\"2025-03-24T16:17:29+00:00\" \/>\n<meta property=\"og:image\" content=\"https:\/\/www.tsubahotel.com\/wp-content\/uploads\/sites\/180\/2024\/11\/EXEC-605-LIT-2_small1.jpg\" \/>\n\t<meta property=\"og:image:width\" content=\"1200\" \/>\n\t<meta property=\"og:image:height\" content=\"800\" \/>\n\t<meta property=\"og:image:type\" content=\"image\/jpeg\" \/>\n<meta name=\"twitter:card\" content=\"summary_large_image\" \/>\n<meta name=\"twitter:site\" content=\"@LeTsubaHotel\" \/>\n<meta name=\"twitter:label1\" content=\"Est. reading time\" \/>\n\t<meta name=\"twitter:data1\" content=\"1 minute\" \/>\n<script type=\"application\/ld+json\" class=\"yoast-schema-graph\">{\"@context\":\"https:\/\/schema.org\",\"@graph\":[{\"@type\":\"WebPage\",\"@id\":\"https:\/\/www.tsubahotel.com\/en\/rooms-suites\/executive-room\/\",\"url\":\"https:\/\/www.tsubahotel.com\/en\/rooms-suites\/executive-room\/\",\"name\":\"Executive Room - Le Tsuba Hotel\",\"isPartOf\":{\"@id\":\"https:\/\/www.tsubahotel.com\/en\/#website\"},\"primaryImageOfPage\":{\"@id\":\"https:\/\/www.tsubahotel.com\/en\/rooms-suites\/executive-room\/#primaryimage\"},\"image\":{\"@id\":\"https:\/\/www.tsubahotel.com\/en\/rooms-suites\/executive-room\/#primaryimage\"},\"thumbnailUrl\":\"https:\/\/www.tsubahotel.com\/wp-content\/uploads\/sites\/180\/2024\/11\/EXEC-605-LIT-2_small1.jpg\",\"datePublished\":\"2024-11-20T13:48:09+00:00\",\"dateModified\":\"2025-03-24T16:17:29+00:00\",\"description\":\"Large Executive rooms offer plenty of space to relax in when you\u2019re taking a break from business or sightseeing. You can choose from a double bed or twin beds, with room for an extra bed if you\u2019re travelling with a child. Kick-start your day with a premium fresh coffee brewed in a Nespresso machine, and catch up on emails with free WiFi. In the evening, you can watch international channels on the flat-screen TV, or take advantage of complimentary access to the hotel\u2019s spa and fitness centre. Hungry? Room service is available 24 hours a day.\",\"breadcrumb\":{\"@id\":\"https:\/\/www.tsubahotel.com\/en\/rooms-suites\/executive-room\/#breadcrumb\"},\"inLanguage\":\"en-US\",\"potentialAction\":[{\"@type\":\"ReadAction\",\"target\":[\"https:\/\/www.tsubahotel.com\/en\/rooms-suites\/executive-room\/\"]}]},{\"@type\":\"ImageObject\",\"inLanguage\":\"en-US\",\"@id\":\"https:\/\/www.tsubahotel.com\/en\/rooms-suites\/executive-room\/#primaryimage\",\"url\":\"https:\/\/www.tsubahotel.com\/wp-content\/uploads\/sites\/180\/2024\/11\/EXEC-605-LIT-2_small1.jpg\",\"contentUrl\":\"https:\/\/www.tsubahotel.com\/wp-content\/uploads\/sites\/180\/2024\/11\/EXEC-605-LIT-2_small1.jpg\",\"width\":1200,\"height\":800},{\"@type\":\"BreadcrumbList\",\"@id\":\"https:\/\/www.tsubahotel.com\/en\/rooms-suites\/executive-room\/#breadcrumb\",\"itemListElement\":[{\"@type\":\"ListItem\",\"position\":1,\"name\":\"Home\",\"item\":\"https:\/\/www.tsubahotel.com\/en\/le-tsuba-hotel\/\"},{\"@type\":\"ListItem\",\"position\":2,\"name\":\"Rooms &#038; Suites\",\"item\":\"https:\/\/www.tsubahotel.com\/en\/rooms-suites\/\"},{\"@type\":\"ListItem\",\"position\":3,\"name\":\"Executive Room\"}]},{\"@type\":\"WebSite\",\"@id\":\"https:\/\/www.tsubahotel.com\/en\/#website\",\"url\":\"https:\/\/www.tsubahotel.com\/en\/\",\"name\":\"Le Tsuba Hotel\",\"description\":\"Le Tsuba H\u00f4tel \u2013 Site Officiel \u2013 H\u00f4tel 4 \u00e9toiles pr\u00e8s des Champs-\u00c9lys\u00e9es\",\"publisher\":{\"@id\":\"https:\/\/www.tsubahotel.com\/en\/#organization\"},\"alternateName\":\"Le Tsuba Hotel\",\"potentialAction\":[{\"@type\":\"SearchAction\",\"target\":{\"@type\":\"EntryPoint\",\"urlTemplate\":\"https:\/\/www.tsubahotel.com\/en\/?s={search_term_string}\"},\"query-input\":\"required name=search_term_string\"}],\"inLanguage\":\"en-US\"},{\"@type\":\"Organization\",\"@id\":\"https:\/\/www.tsubahotel.com\/en\/#organization\",\"name\":\"Le Tsuba Hotel\",\"alternateName\":\"Le Tsuba Hotel\",\"url\":\"https:\/\/www.tsubahotel.com\/en\/\",\"logo\":{\"@type\":\"ImageObject\",\"inLanguage\":\"en-US\",\"@id\":\"https:\/\/www.tsubahotel.com\/en\/#\/schema\/logo\/image\/\",\"url\":\"https:\/\/www.tsubahotel.com\/wp-content\/uploads\/sites\/180\/2024\/10\/logo-hotel.png\",\"contentUrl\":\"https:\/\/www.tsubahotel.com\/wp-content\/uploads\/sites\/180\/2024\/10\/logo-hotel.png\",\"width\":220,\"height\":210,\"caption\":\"Le Tsuba Hotel\"},\"image\":{\"@id\":\"https:\/\/www.tsubahotel.com\/en\/#\/schema\/logo\/image\/\"},\"sameAs\":[\"https:\/\/www.facebook.com\/LeTsubaHotel\/\",\"https:\/\/twitter.com\/LeTsubaHotel\",\"https:\/\/www.instagram.com\/letsubahotel\/\"]}]}<\/script>\n<!-- \/ Yoast SEO plugin. -->","yoast_head_json":{"title":"Executive Room - Le Tsuba Hotel","description":"Large Executive rooms offer plenty of space to relax in when you\u2019re taking a break from business or sightseeing.  You can choose from a double bed or twin beds, with room for an extra bed if you\u2019re travelling with a child.  Kick-start your day with a premium fresh coffee brewed in a Nespresso machine, and catch up on emails with free WiFi. In the evening, you can watch international channels on the flat-screen TV, or take advantage of complimentary access to the hotel\u2019s spa and fitness centre.  Hungry? Room service is available 24 hours a day.","robots":{"index":"index","follow":"follow","max-snippet":"max-snippet:-1","max-image-preview":"max-image-preview:large","max-video-preview":"max-video-preview:-1"},"canonical":"https:\/\/www.tsubahotel.com\/en\/rooms-suites\/executive-room\/","og_locale":"en_US","og_type":"article","og_title":"Executive Room - Le Tsuba Hotel","og_description":"Large Executive rooms offer plenty of space to relax in when you\u2019re taking a break from business or sightseeing.  You can choose from a double bed or twin beds, with room for an extra bed if you\u2019re travelling with a child.  Kick-start your day with a premium fresh coffee brewed in a Nespresso machine, and catch up on emails with free WiFi. In the evening, you can watch international channels on the flat-screen TV, or take advantage of complimentary access to the hotel\u2019s spa and fitness centre.  Hungry? Room service is available 24 hours a day.","og_url":"https:\/\/www.tsubahotel.com\/en\/rooms-suites\/executive-room\/","og_site_name":"Le Tsuba Hotel","article_publisher":"https:\/\/www.facebook.com\/LeTsubaHotel\/","article_modified_time":"2025-03-24T16:17:29+00:00","og_image":[{"width":1200,"height":800,"url":"https:\/\/www.tsubahotel.com\/wp-content\/uploads\/sites\/180\/2024\/11\/EXEC-605-LIT-2_small1.jpg","type":"image\/jpeg"}],"twitter_card":"summary_large_image","twitter_site":"@LeTsubaHotel","twitter_misc":{"Est. reading time":"1 minute"},"schema":{"@context":"https:\/\/schema.org","@graph":[{"@type":"WebPage","@id":"https:\/\/www.tsubahotel.com\/en\/rooms-suites\/executive-room\/","url":"https:\/\/www.tsubahotel.com\/en\/rooms-suites\/executive-room\/","name":"Executive Room - Le Tsuba Hotel","isPartOf":{"@id":"https:\/\/www.tsubahotel.com\/en\/#website"},"primaryImageOfPage":{"@id":"https:\/\/www.tsubahotel.com\/en\/rooms-suites\/executive-room\/#primaryimage"},"image":{"@id":"https:\/\/www.tsubahotel.com\/en\/rooms-suites\/executive-room\/#primaryimage"},"thumbnailUrl":"https:\/\/www.tsubahotel.com\/wp-content\/uploads\/sites\/180\/2024\/11\/EXEC-605-LIT-2_small1.jpg","datePublished":"2024-11-20T13:48:09+00:00","dateModified":"2025-03-24T16:17:29+00:00","description":"Large Executive rooms offer plenty of space to relax in when you\u2019re taking a break from business or sightseeing. You can choose from a double bed or twin beds, with room for an extra bed if you\u2019re travelling with a child. Kick-start your day with a premium fresh coffee brewed in a Nespresso machine, and catch up on emails with free WiFi. In the evening, you can watch international channels on the flat-screen TV, or take advantage of complimentary access to the hotel\u2019s spa and fitness centre. Hungry? Room service is available 24 hours a day.","breadcrumb":{"@id":"https:\/\/www.tsubahotel.com\/en\/rooms-suites\/executive-room\/#breadcrumb"},"inLanguage":"en-US","potentialAction":[{"@type":"ReadAction","target":["https:\/\/www.tsubahotel.com\/en\/rooms-suites\/executive-room\/"]}]},{"@type":"ImageObject","inLanguage":"en-US","@id":"https:\/\/www.tsubahotel.com\/en\/rooms-suites\/executive-room\/#primaryimage","url":"https:\/\/www.tsubahotel.com\/wp-content\/uploads\/sites\/180\/2024\/11\/EXEC-605-LIT-2_small1.jpg","contentUrl":"https:\/\/www.tsubahotel.com\/wp-content\/uploads\/sites\/180\/2024\/11\/EXEC-605-LIT-2_small1.jpg","width":1200,"height":800},{"@type":"BreadcrumbList","@id":"https:\/\/www.tsubahotel.com\/en\/rooms-suites\/executive-room\/#breadcrumb","itemListElement":[{"@type":"ListItem","position":1,"name":"Home","item":"https:\/\/www.tsubahotel.com\/en\/le-tsuba-hotel\/"},{"@type":"ListItem","position":2,"name":"Rooms &#038; Suites","item":"https:\/\/www.tsubahotel.com\/en\/rooms-suites\/"},{"@type":"ListItem","position":3,"name":"Executive Room"}]},{"@type":"WebSite","@id":"https:\/\/www.tsubahotel.com\/en\/#website","url":"https:\/\/www.tsubahotel.com\/en\/","name":"Le Tsuba Hotel","description":"Le Tsuba H\u00f4tel \u2013 Site Officiel \u2013 H\u00f4tel 4 \u00e9toiles pr\u00e8s des Champs-\u00c9lys\u00e9es","publisher":{"@id":"https:\/\/www.tsubahotel.com\/en\/#organization"},"alternateName":"Le Tsuba Hotel","potentialAction":[{"@type":"SearchAction","target":{"@type":"EntryPoint","urlTemplate":"https:\/\/www.tsubahotel.com\/en\/?s={search_term_string}"},"query-input":"required name=search_term_string"}],"inLanguage":"en-US"},{"@type":"Organization","@id":"https:\/\/www.tsubahotel.com\/en\/#organization","name":"Le Tsuba Hotel","alternateName":"Le Tsuba Hotel","url":"https:\/\/www.tsubahotel.com\/en\/","logo":{"@type":"ImageObject","inLanguage":"en-US","@id":"https:\/\/www.tsubahotel.com\/en\/#\/schema\/logo\/image\/","url":"https:\/\/www.tsubahotel.com\/wp-content\/uploads\/sites\/180\/2024\/10\/logo-hotel.png","contentUrl":"https:\/\/www.tsubahotel.com\/wp-content\/uploads\/sites\/180\/2024\/10\/logo-hotel.png","width":220,"height":210,"caption":"Le Tsuba Hotel"},"image":{"@id":"https:\/\/www.tsubahotel.com\/en\/#\/schema\/logo\/image\/"},"sameAs":["https:\/\/www.facebook.com\/LeTsubaHotel\/","https:\/\/twitter.com\/LeTsubaHotel","https:\/\/www.instagram.com\/letsubahotel\/"]}]}},"acf":[],"_links":{"self":[{"href":"https:\/\/www.tsubahotel.com\/en\/wp-json\/wp\/v2\/pages\/501"}],"collection":[{"href":"https:\/\/www.tsubahotel.com\/en\/wp-json\/wp\/v2\/pages"}],"about":[{"href":"https:\/\/www.tsubahotel.com\/en\/wp-json\/wp\/v2\/types\/page"}],"author":[{"embeddable":true,"href":"https:\/\/www.tsubahotel.com\/en\/wp-json\/wp\/v2\/users\/12"}],"replies":[{"embeddable":true,"href":"https:\/\/www.tsubahotel.com\/en\/wp-json\/wp\/v2\/comments?post=501"}],"version-history":[{"count":0,"href":"https:\/\/www.tsubahotel.com\/en\/wp-json\/wp\/v2\/pages\/501\/revisions"}],"up":[{"embeddable":true,"href":"https:\/\/www.tsubahotel.com\/en\/wp-json\/wp\/v2\/pages\/498"}],"wp:featuredmedia":[{"embeddable":true,"href":"https:\/\/www.tsubahotel.com\/en\/wp-json\/wp\/v2\/media\/157"}],"wp:attachment":[{"href":"https:\/\/www.tsubahotel.com\/en\/wp-json\/wp\/v2\/media?parent=501"}],"curies":[{"name":"wp","href":"https:\/\/api.w.org\/{rel}","templated":true}]}}