{"id":502,"date":"2024-11-20T13:58:54","date_gmt":"2024-11-20T13:58:54","guid":{"rendered":"https:\/\/tsuba-hotel.ms2.decms.eu\/?page_id=502"},"modified":"2025-01-16T18:22:22","modified_gmt":"2025-01-16T18:22:22","slug":"prestige-arc-de-triomphe","status":"publish","type":"page","link":"https:\/\/www.tsubahotel.com\/en\/rooms-suites\/prestige-arc-de-triomphe\/","title":{"rendered":"Prestige Arc De Triomphe"},"content":{"rendered":"<p>The <strong>Prestige Arc De Triomphe room<\/strong> is located on the top floor. It has a\u00a0<strong>balcony<\/strong>, you can see the top of the\u00a0<a href=\"https:\/\/www.tsubahotel.com\/en\/places\/arc-de-triomphe\/\">Arc de Triomphe<\/a> and overlooks the rooftops of Paris. This room as a double bed (160 * 200), a lounge area and a bathroom with shower and bath.<\/p>\n<p>Start your day by making a coffee with the Nespresso machine and check your emails with free wi-fi. Watch international channels on your flat-screen TV or enjoy free access to the hotel\u2019s spa and fitness area.<\/p>\n<p>Hungry ? Room service is available 24 hours a day.<\/p>\n<p>&nbsp;<\/p>\n<p><em>*This room is bookable exclusively on our website (not available through online travel agencies).<\/em><\/p>\n","protected":false},"excerpt":{"rendered":"<p>The Prestige Arc De Triomphe room is located on the top floor. It has a\u00a0balcony, you can see the top of the\u00a0Arc de Triomphe and overlooks the rooftops of Paris. This room as a double bed (160 * 200), a lounge area and a bathroom with shower and bath. Start your day by making a [&hellip;]<\/p>\n","protected":false},"author":12,"featured_media":177,"parent":498,"menu_order":13,"comment_status":"closed","ping_status":"closed","template":"template-single-room.php","meta":{"footnotes":""},"yoast_head":"<!-- This site is optimized with the Yoast SEO plugin v22.3 - https:\/\/yoast.com\/wordpress\/plugins\/seo\/ -->\n<title>Prestige Arc De Triomphe - Le Tsuba Hotel<\/title>\n<meta name=\"description\" content=\"The Prestige Arc De Triomphe room is located on the top floor. It has a\u00a0balcony, you can see the top of the\u00a0Arc de Triomphe and overlooks the rooftops of Paris\" \/>\n<meta name=\"robots\" content=\"index, follow, max-snippet:-1, max-image-preview:large, max-video-preview:-1\" \/>\n<link rel=\"canonical\" href=\"https:\/\/www.tsubahotel.com\/en\/rooms-suites\/prestige-arc-de-triomphe\/\" \/>\n<meta property=\"og:locale\" content=\"en_US\" \/>\n<meta property=\"og:type\" content=\"article\" \/>\n<meta property=\"og:title\" content=\"Prestige Arc De Triomphe - Le Tsuba Hotel\" \/>\n<meta property=\"og:description\" content=\"The Prestige Arc De Triomphe room is located on the top floor. It has a\u00a0balcony, you can see the top of the\u00a0Arc de Triomphe and overlooks the rooftops of Paris\" \/>\n<meta property=\"og:url\" content=\"https:\/\/www.tsubahotel.com\/en\/rooms-suites\/prestige-arc-de-triomphe\/\" \/>\n<meta property=\"og:site_name\" content=\"Le Tsuba Hotel\" \/>\n<meta property=\"article:publisher\" content=\"https:\/\/www.facebook.com\/LeTsubaHotel\/\" \/>\n<meta property=\"article:modified_time\" content=\"2025-01-16T18:22:22+00:00\" \/>\n<meta property=\"og:image\" content=\"https:\/\/www.tsubahotel.com\/wp-content\/uploads\/sites\/180\/2024\/11\/CHB4618-md.jpg\" \/>\n\t<meta property=\"og:image:width\" content=\"1800\" \/>\n\t<meta property=\"og:image:height\" content=\"1200\" \/>\n\t<meta property=\"og:image:type\" content=\"image\/jpeg\" \/>\n<meta name=\"twitter:card\" content=\"summary_large_image\" \/>\n<meta name=\"twitter:site\" content=\"@LeTsubaHotel\" \/>\n<meta name=\"twitter:label1\" content=\"Est. reading time\" \/>\n\t<meta name=\"twitter:data1\" content=\"1 minute\" \/>\n<script type=\"application\/ld+json\" class=\"yoast-schema-graph\">{\"@context\":\"https:\/\/schema.org\",\"@graph\":[{\"@type\":\"WebPage\",\"@id\":\"https:\/\/www.tsubahotel.com\/en\/rooms-suites\/prestige-arc-de-triomphe\/\",\"url\":\"https:\/\/www.tsubahotel.com\/en\/rooms-suites\/prestige-arc-de-triomphe\/\",\"name\":\"Prestige Arc De Triomphe - Le Tsuba Hotel\",\"isPartOf\":{\"@id\":\"https:\/\/www.tsubahotel.com\/en\/#website\"},\"primaryImageOfPage\":{\"@id\":\"https:\/\/www.tsubahotel.com\/en\/rooms-suites\/prestige-arc-de-triomphe\/#primaryimage\"},\"image\":{\"@id\":\"https:\/\/www.tsubahotel.com\/en\/rooms-suites\/prestige-arc-de-triomphe\/#primaryimage\"},\"thumbnailUrl\":\"https:\/\/www.tsubahotel.com\/wp-content\/uploads\/sites\/180\/2024\/11\/CHB4618-md.jpg\",\"datePublished\":\"2024-11-20T13:58:54+00:00\",\"dateModified\":\"2025-01-16T18:22:22+00:00\",\"description\":\"The Prestige Arc De Triomphe room is located on the top floor. It has a\u00a0balcony, you can see the top of the\u00a0Arc de Triomphe and overlooks the rooftops of Paris\",\"breadcrumb\":{\"@id\":\"https:\/\/www.tsubahotel.com\/en\/rooms-suites\/prestige-arc-de-triomphe\/#breadcrumb\"},\"inLanguage\":\"en-US\",\"potentialAction\":[{\"@type\":\"ReadAction\",\"target\":[\"https:\/\/www.tsubahotel.com\/en\/rooms-suites\/prestige-arc-de-triomphe\/\"]}]},{\"@type\":\"ImageObject\",\"inLanguage\":\"en-US\",\"@id\":\"https:\/\/www.tsubahotel.com\/en\/rooms-suites\/prestige-arc-de-triomphe\/#primaryimage\",\"url\":\"https:\/\/www.tsubahotel.com\/wp-content\/uploads\/sites\/180\/2024\/11\/CHB4618-md.jpg\",\"contentUrl\":\"https:\/\/www.tsubahotel.com\/wp-content\/uploads\/sites\/180\/2024\/11\/CHB4618-md.jpg\",\"width\":1800,\"height\":1200},{\"@type\":\"BreadcrumbList\",\"@id\":\"https:\/\/www.tsubahotel.com\/en\/rooms-suites\/prestige-arc-de-triomphe\/#breadcrumb\",\"itemListElement\":[{\"@type\":\"ListItem\",\"position\":1,\"name\":\"Home\",\"item\":\"https:\/\/www.tsubahotel.com\/en\/le-tsuba-hotel\/\"},{\"@type\":\"ListItem\",\"position\":2,\"name\":\"Rooms &#038; Suites\",\"item\":\"https:\/\/www.tsubahotel.com\/en\/rooms-suites\/\"},{\"@type\":\"ListItem\",\"position\":3,\"name\":\"Prestige Arc De Triomphe\"}]},{\"@type\":\"WebSite\",\"@id\":\"https:\/\/www.tsubahotel.com\/en\/#website\",\"url\":\"https:\/\/www.tsubahotel.com\/en\/\",\"name\":\"Le Tsuba Hotel\",\"description\":\"Le Tsuba H\u00f4tel \u2013 Site Officiel \u2013 H\u00f4tel 4 \u00e9toiles pr\u00e8s des Champs-\u00c9lys\u00e9es\",\"publisher\":{\"@id\":\"https:\/\/www.tsubahotel.com\/en\/#organization\"},\"alternateName\":\"Le Tsuba Hotel\",\"potentialAction\":[{\"@type\":\"SearchAction\",\"target\":{\"@type\":\"EntryPoint\",\"urlTemplate\":\"https:\/\/www.tsubahotel.com\/en\/?s={search_term_string}\"},\"query-input\":\"required name=search_term_string\"}],\"inLanguage\":\"en-US\"},{\"@type\":\"Organization\",\"@id\":\"https:\/\/www.tsubahotel.com\/en\/#organization\",\"name\":\"Le Tsuba Hotel\",\"alternateName\":\"Le Tsuba Hotel\",\"url\":\"https:\/\/www.tsubahotel.com\/en\/\",\"logo\":{\"@type\":\"ImageObject\",\"inLanguage\":\"en-US\",\"@id\":\"https:\/\/www.tsubahotel.com\/en\/#\/schema\/logo\/image\/\",\"url\":\"https:\/\/www.tsubahotel.com\/wp-content\/uploads\/sites\/180\/2024\/10\/logo-hotel.png\",\"contentUrl\":\"https:\/\/www.tsubahotel.com\/wp-content\/uploads\/sites\/180\/2024\/10\/logo-hotel.png\",\"width\":220,\"height\":210,\"caption\":\"Le Tsuba Hotel\"},\"image\":{\"@id\":\"https:\/\/www.tsubahotel.com\/en\/#\/schema\/logo\/image\/\"},\"sameAs\":[\"https:\/\/www.facebook.com\/LeTsubaHotel\/\",\"https:\/\/twitter.com\/LeTsubaHotel\",\"https:\/\/www.instagram.com\/letsubahotel\/\"]}]}<\/script>\n<!-- \/ Yoast SEO plugin. -->","yoast_head_json":{"title":"Prestige Arc De Triomphe - Le Tsuba Hotel","description":"The Prestige Arc De Triomphe room is located on the top floor. It has a\u00a0balcony, you can see the top of the\u00a0Arc de Triomphe and overlooks the rooftops of Paris","robots":{"index":"index","follow":"follow","max-snippet":"max-snippet:-1","max-image-preview":"max-image-preview:large","max-video-preview":"max-video-preview:-1"},"canonical":"https:\/\/www.tsubahotel.com\/en\/rooms-suites\/prestige-arc-de-triomphe\/","og_locale":"en_US","og_type":"article","og_title":"Prestige Arc De Triomphe - Le Tsuba Hotel","og_description":"The Prestige Arc De Triomphe room is located on the top floor. It has a\u00a0balcony, you can see the top of the\u00a0Arc de Triomphe and overlooks the rooftops of Paris","og_url":"https:\/\/www.tsubahotel.com\/en\/rooms-suites\/prestige-arc-de-triomphe\/","og_site_name":"Le Tsuba Hotel","article_publisher":"https:\/\/www.facebook.com\/LeTsubaHotel\/","article_modified_time":"2025-01-16T18:22:22+00:00","og_image":[{"width":1800,"height":1200,"url":"https:\/\/www.tsubahotel.com\/wp-content\/uploads\/sites\/180\/2024\/11\/CHB4618-md.jpg","type":"image\/jpeg"}],"twitter_card":"summary_large_image","twitter_site":"@LeTsubaHotel","twitter_misc":{"Est. reading time":"1 minute"},"schema":{"@context":"https:\/\/schema.org","@graph":[{"@type":"WebPage","@id":"https:\/\/www.tsubahotel.com\/en\/rooms-suites\/prestige-arc-de-triomphe\/","url":"https:\/\/www.tsubahotel.com\/en\/rooms-suites\/prestige-arc-de-triomphe\/","name":"Prestige Arc De Triomphe - Le Tsuba Hotel","isPartOf":{"@id":"https:\/\/www.tsubahotel.com\/en\/#website"},"primaryImageOfPage":{"@id":"https:\/\/www.tsubahotel.com\/en\/rooms-suites\/prestige-arc-de-triomphe\/#primaryimage"},"image":{"@id":"https:\/\/www.tsubahotel.com\/en\/rooms-suites\/prestige-arc-de-triomphe\/#primaryimage"},"thumbnailUrl":"https:\/\/www.tsubahotel.com\/wp-content\/uploads\/sites\/180\/2024\/11\/CHB4618-md.jpg","datePublished":"2024-11-20T13:58:54+00:00","dateModified":"2025-01-16T18:22:22+00:00","description":"The Prestige Arc De Triomphe room is located on the top floor. It has a\u00a0balcony, you can see the top of the\u00a0Arc de Triomphe and overlooks the rooftops of Paris","breadcrumb":{"@id":"https:\/\/www.tsubahotel.com\/en\/rooms-suites\/prestige-arc-de-triomphe\/#breadcrumb"},"inLanguage":"en-US","potentialAction":[{"@type":"ReadAction","target":["https:\/\/www.tsubahotel.com\/en\/rooms-suites\/prestige-arc-de-triomphe\/"]}]},{"@type":"ImageObject","inLanguage":"en-US","@id":"https:\/\/www.tsubahotel.com\/en\/rooms-suites\/prestige-arc-de-triomphe\/#primaryimage","url":"https:\/\/www.tsubahotel.com\/wp-content\/uploads\/sites\/180\/2024\/11\/CHB4618-md.jpg","contentUrl":"https:\/\/www.tsubahotel.com\/wp-content\/uploads\/sites\/180\/2024\/11\/CHB4618-md.jpg","width":1800,"height":1200},{"@type":"BreadcrumbList","@id":"https:\/\/www.tsubahotel.com\/en\/rooms-suites\/prestige-arc-de-triomphe\/#breadcrumb","itemListElement":[{"@type":"ListItem","position":1,"name":"Home","item":"https:\/\/www.tsubahotel.com\/en\/le-tsuba-hotel\/"},{"@type":"ListItem","position":2,"name":"Rooms &#038; Suites","item":"https:\/\/www.tsubahotel.com\/en\/rooms-suites\/"},{"@type":"ListItem","position":3,"name":"Prestige Arc De Triomphe"}]},{"@type":"WebSite","@id":"https:\/\/www.tsubahotel.com\/en\/#website","url":"https:\/\/www.tsubahotel.com\/en\/","name":"Le Tsuba Hotel","description":"Le Tsuba H\u00f4tel \u2013 Site Officiel \u2013 H\u00f4tel 4 \u00e9toiles pr\u00e8s des Champs-\u00c9lys\u00e9es","publisher":{"@id":"https:\/\/www.tsubahotel.com\/en\/#organization"},"alternateName":"Le Tsuba Hotel","potentialAction":[{"@type":"SearchAction","target":{"@type":"EntryPoint","urlTemplate":"https:\/\/www.tsubahotel.com\/en\/?s={search_term_string}"},"query-input":"required name=search_term_string"}],"inLanguage":"en-US"},{"@type":"Organization","@id":"https:\/\/www.tsubahotel.com\/en\/#organization","name":"Le Tsuba Hotel","alternateName":"Le Tsuba Hotel","url":"https:\/\/www.tsubahotel.com\/en\/","logo":{"@type":"ImageObject","inLanguage":"en-US","@id":"https:\/\/www.tsubahotel.com\/en\/#\/schema\/logo\/image\/","url":"https:\/\/www.tsubahotel.com\/wp-content\/uploads\/sites\/180\/2024\/10\/logo-hotel.png","contentUrl":"https:\/\/www.tsubahotel.com\/wp-content\/uploads\/sites\/180\/2024\/10\/logo-hotel.png","width":220,"height":210,"caption":"Le Tsuba Hotel"},"image":{"@id":"https:\/\/www.tsubahotel.com\/en\/#\/schema\/logo\/image\/"},"sameAs":["https:\/\/www.facebook.com\/LeTsubaHotel\/","https:\/\/twitter.com\/LeTsubaHotel","https:\/\/www.instagram.com\/letsubahotel\/"]}]}},"acf":[],"_links":{"self":[{"href":"https:\/\/www.tsubahotel.com\/en\/wp-json\/wp\/v2\/pages\/502"}],"collection":[{"href":"https:\/\/www.tsubahotel.com\/en\/wp-json\/wp\/v2\/pages"}],"about":[{"href":"https:\/\/www.tsubahotel.com\/en\/wp-json\/wp\/v2\/types\/page"}],"author":[{"embeddable":true,"href":"https:\/\/www.tsubahotel.com\/en\/wp-json\/wp\/v2\/users\/12"}],"replies":[{"embeddable":true,"href":"https:\/\/www.tsubahotel.com\/en\/wp-json\/wp\/v2\/comments?post=502"}],"version-history":[{"count":0,"href":"https:\/\/www.tsubahotel.com\/en\/wp-json\/wp\/v2\/pages\/502\/revisions"}],"up":[{"embeddable":true,"href":"https:\/\/www.tsubahotel.com\/en\/wp-json\/wp\/v2\/pages\/498"}],"wp:featuredmedia":[{"embeddable":true,"href":"https:\/\/www.tsubahotel.com\/en\/wp-json\/wp\/v2\/media\/177"}],"wp:attachment":[{"href":"https:\/\/www.tsubahotel.com\/en\/wp-json\/wp\/v2\/media?parent=502"}],"curies":[{"name":"wp","href":"https:\/\/api.w.org\/{rel}","templated":true}]}}