{"id":504,"date":"2024-11-20T14:58:46","date_gmt":"2024-11-20T14:58:46","guid":{"rendered":"https:\/\/tsuba-hotel.ms2.decms.eu\/?page_id=504"},"modified":"2025-03-25T17:13:30","modified_gmt":"2025-03-25T17:13:30","slug":"suite","status":"publish","type":"page","link":"https:\/\/www.tsubahotel.com\/en\/rooms-suites\/suite\/","title":{"rendered":"Junior Suite"},"content":{"rendered":"<p>Stylish cosy <strong>Junior suites<\/strong> come with a separate living room, giving you ample space to spread out and relax.<\/p>\n<p>Offered with either a double bed or two single beds, they can accommodate two children on the comfortable sofa bed in the living room.<\/p>\n<p>You\u2019ll feel pampered with both a walk-in rainshower and bath. On hot days, stay cool with individually controlled air conditioning and chilled drinks from the minibar. International TV channels and free WiFi make it easy to unwind or catch up with the news. In-room safes are a secure spot for valuables and electronic devices. Rooms on higher floors offer views of the Paris skyline.<\/p>\n","protected":false},"excerpt":{"rendered":"<p>Stylish cosy Junior suites come with a separate living room, giving you ample space to spread out and relax. Offered with either a double bed or two single beds, they can accommodate two children on the comfortable sofa bed in the living room. You\u2019ll feel pampered with both a walk-in rainshower and bath. On hot [&hellip;]<\/p>\n","protected":false},"author":12,"featured_media":199,"parent":498,"menu_order":15,"comment_status":"closed","ping_status":"closed","template":"template-single-room.php","meta":{"footnotes":""},"class_list":["post-504","page","type-page","status-publish","has-post-thumbnail","hentry"],"yoast_head":"<!-- This site is optimized with the Yoast SEO plugin v27.3 - https:\/\/yoast.com\/product\/yoast-seo-wordpress\/ -->\n<title>Junior Suite - Le Tsuba Hotel<\/title>\n<meta name=\"description\" content=\"Stylish cosy Junior suites come with a separate living room, giving you ample space to spread out and relax.  Offered with either a double bed or two single beds, they can accommodate two children on the comfortable sofa bed in the living room.  You\u2019ll feel pampered with both a walk-in rainshower and bath. On hot days, stay cool with individually controlled air conditioning and chilled drinks from the minibar\" \/>\n<meta name=\"robots\" content=\"index, follow, max-snippet:-1, max-image-preview:large, max-video-preview:-1\" \/>\n<link rel=\"canonical\" href=\"https:\/\/www.tsubahotel.com\/en\/rooms-suites\/suite\/\" \/>\n<meta property=\"og:locale\" content=\"en_US\" \/>\n<meta property=\"og:type\" content=\"article\" \/>\n<meta property=\"og:title\" content=\"Junior Suite - Le Tsuba Hotel\" \/>\n<meta property=\"og:description\" content=\"Stylish cosy Junior suites come with a separate living room, giving you ample space to spread out and relax.  Offered with either a double bed or two single beds, they can accommodate two children on the comfortable sofa bed in the living room.  You\u2019ll feel pampered with both a walk-in rainshower and bath. On hot days, stay cool with individually controlled air conditioning and chilled drinks from the minibar\" \/>\n<meta property=\"og:url\" content=\"https:\/\/www.tsubahotel.com\/en\/rooms-suites\/suite\/\" \/>\n<meta property=\"og:site_name\" content=\"Le Tsuba Hotel\" \/>\n<meta property=\"article:publisher\" content=\"https:\/\/www.facebook.com\/LeTsubaHotel\/\" \/>\n<meta property=\"article:modified_time\" content=\"2025-03-25T17:13:30+00:00\" \/>\n<meta property=\"og:image\" content=\"https:\/\/www.tsubahotel.com\/wp-content\/uploads\/sites\/180\/2024\/11\/SUITE-305-2_small.jpg\" \/>\n\t<meta property=\"og:image:width\" content=\"1200\" \/>\n\t<meta property=\"og:image:height\" content=\"800\" \/>\n\t<meta property=\"og:image:type\" content=\"image\/jpeg\" \/>\n<meta name=\"twitter:card\" content=\"summary_large_image\" \/>\n<meta name=\"twitter:site\" content=\"@LeTsubaHotel\" \/>\n<meta name=\"twitter:label1\" content=\"Est. reading time\" \/>\n\t<meta name=\"twitter:data1\" content=\"1 minute\" \/>\n<script type=\"application\/ld+json\" class=\"yoast-schema-graph\">{\"@context\":\"https:\\\/\\\/schema.org\",\"@graph\":[{\"@type\":\"WebPage\",\"@id\":\"https:\\\/\\\/www.tsubahotel.com\\\/en\\\/rooms-suites\\\/suite\\\/\",\"url\":\"https:\\\/\\\/www.tsubahotel.com\\\/en\\\/rooms-suites\\\/suite\\\/\",\"name\":\"Junior Suite - Le Tsuba Hotel\",\"isPartOf\":{\"@id\":\"https:\\\/\\\/www.tsubahotel.com\\\/en\\\/#website\"},\"primaryImageOfPage\":{\"@id\":\"https:\\\/\\\/www.tsubahotel.com\\\/en\\\/rooms-suites\\\/suite\\\/#primaryimage\"},\"image\":{\"@id\":\"https:\\\/\\\/www.tsubahotel.com\\\/en\\\/rooms-suites\\\/suite\\\/#primaryimage\"},\"thumbnailUrl\":\"https:\\\/\\\/www.tsubahotel.com\\\/wp-content\\\/uploads\\\/sites\\\/180\\\/2024\\\/11\\\/SUITE-305-2_small.jpg\",\"datePublished\":\"2024-11-20T14:58:46+00:00\",\"dateModified\":\"2025-03-25T17:13:30+00:00\",\"description\":\"Stylish cosy Junior suites come with a separate living room, giving you ample space to spread out and relax. Offered with either a double bed or two single beds, they can accommodate two children on the comfortable sofa bed in the living room. You\u2019ll feel pampered with both a walk-in rainshower and bath. On hot days, stay cool with individually controlled air conditioning and chilled drinks from the minibar\",\"breadcrumb\":{\"@id\":\"https:\\\/\\\/www.tsubahotel.com\\\/en\\\/rooms-suites\\\/suite\\\/#breadcrumb\"},\"inLanguage\":\"en-US\",\"potentialAction\":[{\"@type\":\"ReadAction\",\"target\":[\"https:\\\/\\\/www.tsubahotel.com\\\/en\\\/rooms-suites\\\/suite\\\/\"]}]},{\"@type\":\"ImageObject\",\"inLanguage\":\"en-US\",\"@id\":\"https:\\\/\\\/www.tsubahotel.com\\\/en\\\/rooms-suites\\\/suite\\\/#primaryimage\",\"url\":\"https:\\\/\\\/www.tsubahotel.com\\\/wp-content\\\/uploads\\\/sites\\\/180\\\/2024\\\/11\\\/SUITE-305-2_small.jpg\",\"contentUrl\":\"https:\\\/\\\/www.tsubahotel.com\\\/wp-content\\\/uploads\\\/sites\\\/180\\\/2024\\\/11\\\/SUITE-305-2_small.jpg\",\"width\":1200,\"height\":800},{\"@type\":\"BreadcrumbList\",\"@id\":\"https:\\\/\\\/www.tsubahotel.com\\\/en\\\/rooms-suites\\\/suite\\\/#breadcrumb\",\"itemListElement\":[{\"@type\":\"ListItem\",\"position\":1,\"name\":\"Home\",\"item\":\"https:\\\/\\\/www.tsubahotel.com\\\/en\\\/le-tsuba-hotel\\\/\"},{\"@type\":\"ListItem\",\"position\":2,\"name\":\"Rooms &#038; Suites\",\"item\":\"https:\\\/\\\/www.tsubahotel.com\\\/en\\\/rooms-suites\\\/\"},{\"@type\":\"ListItem\",\"position\":3,\"name\":\"Junior Suite\"}]},{\"@type\":\"WebSite\",\"@id\":\"https:\\\/\\\/www.tsubahotel.com\\\/en\\\/#website\",\"url\":\"https:\\\/\\\/www.tsubahotel.com\\\/en\\\/\",\"name\":\"Le Tsuba Hotel\",\"description\":\"Le Tsuba H\u00f4tel \u2013 Site Officiel \u2013 H\u00f4tel 4 \u00e9toiles pr\u00e8s des Champs-\u00c9lys\u00e9es\",\"publisher\":{\"@id\":\"https:\\\/\\\/www.tsubahotel.com\\\/en\\\/#organization\"},\"alternateName\":\"Le Tsuba Hotel\",\"potentialAction\":[{\"@type\":\"SearchAction\",\"target\":{\"@type\":\"EntryPoint\",\"urlTemplate\":\"https:\\\/\\\/www.tsubahotel.com\\\/en\\\/?s={search_term_string}\"},\"query-input\":{\"@type\":\"PropertyValueSpecification\",\"valueRequired\":true,\"valueName\":\"search_term_string\"}}],\"inLanguage\":\"en-US\"},{\"@type\":\"Organization\",\"@id\":\"https:\\\/\\\/www.tsubahotel.com\\\/en\\\/#organization\",\"name\":\"Le Tsuba Hotel\",\"alternateName\":\"Le Tsuba Hotel\",\"url\":\"https:\\\/\\\/www.tsubahotel.com\\\/en\\\/\",\"logo\":{\"@type\":\"ImageObject\",\"inLanguage\":\"en-US\",\"@id\":\"https:\\\/\\\/www.tsubahotel.com\\\/en\\\/#\\\/schema\\\/logo\\\/image\\\/\",\"url\":\"https:\\\/\\\/www.tsubahotel.com\\\/wp-content\\\/uploads\\\/sites\\\/180\\\/2024\\\/10\\\/logo-hotel.png\",\"contentUrl\":\"https:\\\/\\\/www.tsubahotel.com\\\/wp-content\\\/uploads\\\/sites\\\/180\\\/2024\\\/10\\\/logo-hotel.png\",\"width\":220,\"height\":210,\"caption\":\"Le Tsuba Hotel\"},\"image\":{\"@id\":\"https:\\\/\\\/www.tsubahotel.com\\\/en\\\/#\\\/schema\\\/logo\\\/image\\\/\"},\"sameAs\":[\"https:\\\/\\\/www.facebook.com\\\/LeTsubaHotel\\\/\",\"https:\\\/\\\/x.com\\\/LeTsubaHotel\",\"https:\\\/\\\/www.instagram.com\\\/letsubahotel\\\/\"]}]}<\/script>\n<!-- \/ Yoast SEO plugin. -->","yoast_head_json":{"title":"Junior Suite - Le Tsuba Hotel","description":"Stylish cosy Junior suites come with a separate living room, giving you ample space to spread out and relax.  Offered with either a double bed or two single beds, they can accommodate two children on the comfortable sofa bed in the living room.  You\u2019ll feel pampered with both a walk-in rainshower and bath. On hot days, stay cool with individually controlled air conditioning and chilled drinks from the minibar","robots":{"index":"index","follow":"follow","max-snippet":"max-snippet:-1","max-image-preview":"max-image-preview:large","max-video-preview":"max-video-preview:-1"},"canonical":"https:\/\/www.tsubahotel.com\/en\/rooms-suites\/suite\/","og_locale":"en_US","og_type":"article","og_title":"Junior Suite - Le Tsuba Hotel","og_description":"Stylish cosy Junior suites come with a separate living room, giving you ample space to spread out and relax.  Offered with either a double bed or two single beds, they can accommodate two children on the comfortable sofa bed in the living room.  You\u2019ll feel pampered with both a walk-in rainshower and bath. On hot days, stay cool with individually controlled air conditioning and chilled drinks from the minibar","og_url":"https:\/\/www.tsubahotel.com\/en\/rooms-suites\/suite\/","og_site_name":"Le Tsuba Hotel","article_publisher":"https:\/\/www.facebook.com\/LeTsubaHotel\/","article_modified_time":"2025-03-25T17:13:30+00:00","og_image":[{"width":1200,"height":800,"url":"https:\/\/www.tsubahotel.com\/wp-content\/uploads\/sites\/180\/2024\/11\/SUITE-305-2_small.jpg","type":"image\/jpeg"}],"twitter_card":"summary_large_image","twitter_site":"@LeTsubaHotel","twitter_misc":{"Est. reading time":"1 minute"},"schema":{"@context":"https:\/\/schema.org","@graph":[{"@type":"WebPage","@id":"https:\/\/www.tsubahotel.com\/en\/rooms-suites\/suite\/","url":"https:\/\/www.tsubahotel.com\/en\/rooms-suites\/suite\/","name":"Junior Suite - Le Tsuba Hotel","isPartOf":{"@id":"https:\/\/www.tsubahotel.com\/en\/#website"},"primaryImageOfPage":{"@id":"https:\/\/www.tsubahotel.com\/en\/rooms-suites\/suite\/#primaryimage"},"image":{"@id":"https:\/\/www.tsubahotel.com\/en\/rooms-suites\/suite\/#primaryimage"},"thumbnailUrl":"https:\/\/www.tsubahotel.com\/wp-content\/uploads\/sites\/180\/2024\/11\/SUITE-305-2_small.jpg","datePublished":"2024-11-20T14:58:46+00:00","dateModified":"2025-03-25T17:13:30+00:00","description":"Stylish cosy Junior suites come with a separate living room, giving you ample space to spread out and relax. Offered with either a double bed or two single beds, they can accommodate two children on the comfortable sofa bed in the living room. You\u2019ll feel pampered with both a walk-in rainshower and bath. On hot days, stay cool with individually controlled air conditioning and chilled drinks from the minibar","breadcrumb":{"@id":"https:\/\/www.tsubahotel.com\/en\/rooms-suites\/suite\/#breadcrumb"},"inLanguage":"en-US","potentialAction":[{"@type":"ReadAction","target":["https:\/\/www.tsubahotel.com\/en\/rooms-suites\/suite\/"]}]},{"@type":"ImageObject","inLanguage":"en-US","@id":"https:\/\/www.tsubahotel.com\/en\/rooms-suites\/suite\/#primaryimage","url":"https:\/\/www.tsubahotel.com\/wp-content\/uploads\/sites\/180\/2024\/11\/SUITE-305-2_small.jpg","contentUrl":"https:\/\/www.tsubahotel.com\/wp-content\/uploads\/sites\/180\/2024\/11\/SUITE-305-2_small.jpg","width":1200,"height":800},{"@type":"BreadcrumbList","@id":"https:\/\/www.tsubahotel.com\/en\/rooms-suites\/suite\/#breadcrumb","itemListElement":[{"@type":"ListItem","position":1,"name":"Home","item":"https:\/\/www.tsubahotel.com\/en\/le-tsuba-hotel\/"},{"@type":"ListItem","position":2,"name":"Rooms &#038; Suites","item":"https:\/\/www.tsubahotel.com\/en\/rooms-suites\/"},{"@type":"ListItem","position":3,"name":"Junior Suite"}]},{"@type":"WebSite","@id":"https:\/\/www.tsubahotel.com\/en\/#website","url":"https:\/\/www.tsubahotel.com\/en\/","name":"Le Tsuba Hotel","description":"Le Tsuba H\u00f4tel \u2013 Site Officiel \u2013 H\u00f4tel 4 \u00e9toiles pr\u00e8s des Champs-\u00c9lys\u00e9es","publisher":{"@id":"https:\/\/www.tsubahotel.com\/en\/#organization"},"alternateName":"Le Tsuba Hotel","potentialAction":[{"@type":"SearchAction","target":{"@type":"EntryPoint","urlTemplate":"https:\/\/www.tsubahotel.com\/en\/?s={search_term_string}"},"query-input":{"@type":"PropertyValueSpecification","valueRequired":true,"valueName":"search_term_string"}}],"inLanguage":"en-US"},{"@type":"Organization","@id":"https:\/\/www.tsubahotel.com\/en\/#organization","name":"Le Tsuba Hotel","alternateName":"Le Tsuba Hotel","url":"https:\/\/www.tsubahotel.com\/en\/","logo":{"@type":"ImageObject","inLanguage":"en-US","@id":"https:\/\/www.tsubahotel.com\/en\/#\/schema\/logo\/image\/","url":"https:\/\/www.tsubahotel.com\/wp-content\/uploads\/sites\/180\/2024\/10\/logo-hotel.png","contentUrl":"https:\/\/www.tsubahotel.com\/wp-content\/uploads\/sites\/180\/2024\/10\/logo-hotel.png","width":220,"height":210,"caption":"Le Tsuba Hotel"},"image":{"@id":"https:\/\/www.tsubahotel.com\/en\/#\/schema\/logo\/image\/"},"sameAs":["https:\/\/www.facebook.com\/LeTsubaHotel\/","https:\/\/x.com\/LeTsubaHotel","https:\/\/www.instagram.com\/letsubahotel\/"]}]}},"acf":[],"_links":{"self":[{"href":"https:\/\/www.tsubahotel.com\/en\/wp-json\/wp\/v2\/pages\/504","targetHints":{"allow":["GET"]}}],"collection":[{"href":"https:\/\/www.tsubahotel.com\/en\/wp-json\/wp\/v2\/pages"}],"about":[{"href":"https:\/\/www.tsubahotel.com\/en\/wp-json\/wp\/v2\/types\/page"}],"author":[{"embeddable":true,"href":"https:\/\/www.tsubahotel.com\/en\/wp-json\/wp\/v2\/users\/12"}],"replies":[{"embeddable":true,"href":"https:\/\/www.tsubahotel.com\/en\/wp-json\/wp\/v2\/comments?post=504"}],"version-history":[{"count":0,"href":"https:\/\/www.tsubahotel.com\/en\/wp-json\/wp\/v2\/pages\/504\/revisions"}],"up":[{"embeddable":true,"href":"https:\/\/www.tsubahotel.com\/en\/wp-json\/wp\/v2\/pages\/498"}],"wp:featuredmedia":[{"embeddable":true,"href":"https:\/\/www.tsubahotel.com\/en\/wp-json\/wp\/v2\/media\/199"}],"wp:attachment":[{"href":"https:\/\/www.tsubahotel.com\/en\/wp-json\/wp\/v2\/media?parent=504"}],"curies":[{"name":"wp","href":"https:\/\/api.w.org\/{rel}","templated":true}]}}