{"id":519,"date":"2024-12-17T14:48:12","date_gmt":"2024-12-17T14:48:12","guid":{"rendered":"https:\/\/tsuba-hotel.ms2.decms.eu\/?page_id=519"},"modified":"2025-01-20T10:09:02","modified_gmt":"2025-01-20T10:09:02","slug":"meeting-event-room","status":"publish","type":"page","link":"https:\/\/www.tsubahotel.com\/en\/meeting-event-room\/","title":{"rendered":"Meeting &#038; Event Room"},"content":{"rendered":"<p>An Elegant and Inspiring Space for Your Meetings and Events<\/p>\n<p>The Tsuba Hotel offers a bright and spacious meeting room of over 30 m\u00b2, conveniently located on the ground floor in the heart of our terrace. Comfortable and functional, this stylishly designed space is ideal for fostering focus and creativity.<\/p>\n","protected":false},"excerpt":{"rendered":"<p>An Elegant and Inspiring Space for Your Meetings and Events The Tsuba Hotel offers a bright and spacious meeting room of over 30 m\u00b2, conveniently located on the ground floor in the heart of our terrace. Comfortable and functional, this stylishly designed space is ideal for fostering focus and creativity.<\/p>\n","protected":false},"author":12,"featured_media":377,"parent":0,"menu_order":60,"comment_status":"closed","ping_status":"closed","template":"template-meeting.php","meta":{"footnotes":""},"yoast_head":"<!-- This site is optimized with the Yoast SEO plugin v22.3 - https:\/\/yoast.com\/wordpress\/plugins\/seo\/ -->\n<title>Meeting &amp; Event Room - Le Tsuba Hotel<\/title>\n<meta name=\"description\" content=\"An Elegant and Inspiring Space for Your Meetings and Events  The Tsuba Hotel offers a bright and spacious meeting room of over 30 m\u00b2, conveniently located on the ground floor in the heart of our terrace. Comfortable and functional, this stylishly designed space is ideal for fostering focus and creativity.\" \/>\n<meta name=\"robots\" content=\"index, follow, max-snippet:-1, max-image-preview:large, max-video-preview:-1\" \/>\n<link rel=\"canonical\" href=\"https:\/\/www.tsubahotel.com\/en\/meeting-event-room\/\" \/>\n<meta property=\"og:locale\" content=\"en_US\" \/>\n<meta property=\"og:type\" content=\"article\" \/>\n<meta property=\"og:title\" content=\"Meeting &amp; Event Room - Le Tsuba Hotel\" \/>\n<meta property=\"og:description\" content=\"An Elegant and Inspiring Space for Your Meetings and Events  The Tsuba Hotel offers a bright and spacious meeting room of over 30 m\u00b2, conveniently located on the ground floor in the heart of our terrace. Comfortable and functional, this stylishly designed space is ideal for fostering focus and creativity.\" \/>\n<meta property=\"og:url\" content=\"https:\/\/www.tsubahotel.com\/en\/meeting-event-room\/\" \/>\n<meta property=\"og:site_name\" content=\"Le Tsuba Hotel\" \/>\n<meta property=\"article:publisher\" content=\"https:\/\/www.facebook.com\/LeTsubaHotel\/\" \/>\n<meta property=\"article:modified_time\" content=\"2025-01-20T10:09:02+00:00\" \/>\n<meta property=\"og:image\" content=\"https:\/\/www.tsubahotel.com\/wp-content\/uploads\/sites\/180\/2024\/12\/image-rid.jpg\" \/>\n\t<meta property=\"og:image:width\" content=\"1205\" \/>\n\t<meta property=\"og:image:height\" content=\"802\" \/>\n\t<meta property=\"og:image:type\" content=\"image\/jpeg\" \/>\n<meta name=\"twitter:card\" content=\"summary_large_image\" \/>\n<meta name=\"twitter:site\" content=\"@LeTsubaHotel\" \/>\n<meta name=\"twitter:label1\" content=\"Est. reading time\" \/>\n\t<meta name=\"twitter:data1\" content=\"1 minute\" \/>\n<script type=\"application\/ld+json\" class=\"yoast-schema-graph\">{\"@context\":\"https:\/\/schema.org\",\"@graph\":[{\"@type\":\"WebPage\",\"@id\":\"https:\/\/www.tsubahotel.com\/en\/meeting-event-room\/\",\"url\":\"https:\/\/www.tsubahotel.com\/en\/meeting-event-room\/\",\"name\":\"Meeting & Event Room - Le Tsuba Hotel\",\"isPartOf\":{\"@id\":\"https:\/\/www.tsubahotel.com\/en\/#website\"},\"primaryImageOfPage\":{\"@id\":\"https:\/\/www.tsubahotel.com\/en\/meeting-event-room\/#primaryimage\"},\"image\":{\"@id\":\"https:\/\/www.tsubahotel.com\/en\/meeting-event-room\/#primaryimage\"},\"thumbnailUrl\":\"https:\/\/www.tsubahotel.com\/wp-content\/uploads\/sites\/180\/2024\/12\/image-rid.jpg\",\"datePublished\":\"2024-12-17T14:48:12+00:00\",\"dateModified\":\"2025-01-20T10:09:02+00:00\",\"description\":\"An Elegant and Inspiring Space for Your Meetings and Events The Tsuba Hotel offers a bright and spacious meeting room of over 30 m\u00b2, conveniently located on the ground floor in the heart of our terrace. Comfortable and functional, this stylishly designed space is ideal for fostering focus and creativity.\",\"breadcrumb\":{\"@id\":\"https:\/\/www.tsubahotel.com\/en\/meeting-event-room\/#breadcrumb\"},\"inLanguage\":\"en-US\",\"potentialAction\":[{\"@type\":\"ReadAction\",\"target\":[\"https:\/\/www.tsubahotel.com\/en\/meeting-event-room\/\"]}]},{\"@type\":\"ImageObject\",\"inLanguage\":\"en-US\",\"@id\":\"https:\/\/www.tsubahotel.com\/en\/meeting-event-room\/#primaryimage\",\"url\":\"https:\/\/www.tsubahotel.com\/wp-content\/uploads\/sites\/180\/2024\/12\/image-rid.jpg\",\"contentUrl\":\"https:\/\/www.tsubahotel.com\/wp-content\/uploads\/sites\/180\/2024\/12\/image-rid.jpg\",\"width\":1205,\"height\":802},{\"@type\":\"BreadcrumbList\",\"@id\":\"https:\/\/www.tsubahotel.com\/en\/meeting-event-room\/#breadcrumb\",\"itemListElement\":[{\"@type\":\"ListItem\",\"position\":1,\"name\":\"Home\",\"item\":\"https:\/\/www.tsubahotel.com\/en\/le-tsuba-hotel\/\"},{\"@type\":\"ListItem\",\"position\":2,\"name\":\"Meeting &#038; Event Room\"}]},{\"@type\":\"WebSite\",\"@id\":\"https:\/\/www.tsubahotel.com\/en\/#website\",\"url\":\"https:\/\/www.tsubahotel.com\/en\/\",\"name\":\"Le Tsuba Hotel\",\"description\":\"Le Tsuba H\u00f4tel \u2013 Site Officiel \u2013 H\u00f4tel 4 \u00e9toiles pr\u00e8s des Champs-\u00c9lys\u00e9es\",\"publisher\":{\"@id\":\"https:\/\/www.tsubahotel.com\/en\/#organization\"},\"alternateName\":\"Le Tsuba Hotel\",\"potentialAction\":[{\"@type\":\"SearchAction\",\"target\":{\"@type\":\"EntryPoint\",\"urlTemplate\":\"https:\/\/www.tsubahotel.com\/en\/?s={search_term_string}\"},\"query-input\":\"required name=search_term_string\"}],\"inLanguage\":\"en-US\"},{\"@type\":\"Organization\",\"@id\":\"https:\/\/www.tsubahotel.com\/en\/#organization\",\"name\":\"Le Tsuba Hotel\",\"alternateName\":\"Le Tsuba Hotel\",\"url\":\"https:\/\/www.tsubahotel.com\/en\/\",\"logo\":{\"@type\":\"ImageObject\",\"inLanguage\":\"en-US\",\"@id\":\"https:\/\/www.tsubahotel.com\/en\/#\/schema\/logo\/image\/\",\"url\":\"https:\/\/www.tsubahotel.com\/wp-content\/uploads\/sites\/180\/2024\/10\/logo-hotel.png\",\"contentUrl\":\"https:\/\/www.tsubahotel.com\/wp-content\/uploads\/sites\/180\/2024\/10\/logo-hotel.png\",\"width\":220,\"height\":210,\"caption\":\"Le Tsuba Hotel\"},\"image\":{\"@id\":\"https:\/\/www.tsubahotel.com\/en\/#\/schema\/logo\/image\/\"},\"sameAs\":[\"https:\/\/www.facebook.com\/LeTsubaHotel\/\",\"https:\/\/twitter.com\/LeTsubaHotel\",\"https:\/\/www.instagram.com\/letsubahotel\/\"]}]}<\/script>\n<!-- \/ Yoast SEO plugin. -->","yoast_head_json":{"title":"Meeting & Event Room - Le Tsuba Hotel","description":"An Elegant and Inspiring Space for Your Meetings and Events  The Tsuba Hotel offers a bright and spacious meeting room of over 30 m\u00b2, conveniently located on the ground floor in the heart of our terrace. Comfortable and functional, this stylishly designed space is ideal for fostering focus and creativity.","robots":{"index":"index","follow":"follow","max-snippet":"max-snippet:-1","max-image-preview":"max-image-preview:large","max-video-preview":"max-video-preview:-1"},"canonical":"https:\/\/www.tsubahotel.com\/en\/meeting-event-room\/","og_locale":"en_US","og_type":"article","og_title":"Meeting & Event Room - Le Tsuba Hotel","og_description":"An Elegant and Inspiring Space for Your Meetings and Events  The Tsuba Hotel offers a bright and spacious meeting room of over 30 m\u00b2, conveniently located on the ground floor in the heart of our terrace. Comfortable and functional, this stylishly designed space is ideal for fostering focus and creativity.","og_url":"https:\/\/www.tsubahotel.com\/en\/meeting-event-room\/","og_site_name":"Le Tsuba Hotel","article_publisher":"https:\/\/www.facebook.com\/LeTsubaHotel\/","article_modified_time":"2025-01-20T10:09:02+00:00","og_image":[{"width":1205,"height":802,"url":"https:\/\/www.tsubahotel.com\/wp-content\/uploads\/sites\/180\/2024\/12\/image-rid.jpg","type":"image\/jpeg"}],"twitter_card":"summary_large_image","twitter_site":"@LeTsubaHotel","twitter_misc":{"Est. reading time":"1 minute"},"schema":{"@context":"https:\/\/schema.org","@graph":[{"@type":"WebPage","@id":"https:\/\/www.tsubahotel.com\/en\/meeting-event-room\/","url":"https:\/\/www.tsubahotel.com\/en\/meeting-event-room\/","name":"Meeting & Event Room - Le Tsuba Hotel","isPartOf":{"@id":"https:\/\/www.tsubahotel.com\/en\/#website"},"primaryImageOfPage":{"@id":"https:\/\/www.tsubahotel.com\/en\/meeting-event-room\/#primaryimage"},"image":{"@id":"https:\/\/www.tsubahotel.com\/en\/meeting-event-room\/#primaryimage"},"thumbnailUrl":"https:\/\/www.tsubahotel.com\/wp-content\/uploads\/sites\/180\/2024\/12\/image-rid.jpg","datePublished":"2024-12-17T14:48:12+00:00","dateModified":"2025-01-20T10:09:02+00:00","description":"An Elegant and Inspiring Space for Your Meetings and Events The Tsuba Hotel offers a bright and spacious meeting room of over 30 m\u00b2, conveniently located on the ground floor in the heart of our terrace. Comfortable and functional, this stylishly designed space is ideal for fostering focus and creativity.","breadcrumb":{"@id":"https:\/\/www.tsubahotel.com\/en\/meeting-event-room\/#breadcrumb"},"inLanguage":"en-US","potentialAction":[{"@type":"ReadAction","target":["https:\/\/www.tsubahotel.com\/en\/meeting-event-room\/"]}]},{"@type":"ImageObject","inLanguage":"en-US","@id":"https:\/\/www.tsubahotel.com\/en\/meeting-event-room\/#primaryimage","url":"https:\/\/www.tsubahotel.com\/wp-content\/uploads\/sites\/180\/2024\/12\/image-rid.jpg","contentUrl":"https:\/\/www.tsubahotel.com\/wp-content\/uploads\/sites\/180\/2024\/12\/image-rid.jpg","width":1205,"height":802},{"@type":"BreadcrumbList","@id":"https:\/\/www.tsubahotel.com\/en\/meeting-event-room\/#breadcrumb","itemListElement":[{"@type":"ListItem","position":1,"name":"Home","item":"https:\/\/www.tsubahotel.com\/en\/le-tsuba-hotel\/"},{"@type":"ListItem","position":2,"name":"Meeting &#038; Event Room"}]},{"@type":"WebSite","@id":"https:\/\/www.tsubahotel.com\/en\/#website","url":"https:\/\/www.tsubahotel.com\/en\/","name":"Le Tsuba Hotel","description":"Le Tsuba H\u00f4tel \u2013 Site Officiel \u2013 H\u00f4tel 4 \u00e9toiles pr\u00e8s des Champs-\u00c9lys\u00e9es","publisher":{"@id":"https:\/\/www.tsubahotel.com\/en\/#organization"},"alternateName":"Le Tsuba Hotel","potentialAction":[{"@type":"SearchAction","target":{"@type":"EntryPoint","urlTemplate":"https:\/\/www.tsubahotel.com\/en\/?s={search_term_string}"},"query-input":"required name=search_term_string"}],"inLanguage":"en-US"},{"@type":"Organization","@id":"https:\/\/www.tsubahotel.com\/en\/#organization","name":"Le Tsuba Hotel","alternateName":"Le Tsuba Hotel","url":"https:\/\/www.tsubahotel.com\/en\/","logo":{"@type":"ImageObject","inLanguage":"en-US","@id":"https:\/\/www.tsubahotel.com\/en\/#\/schema\/logo\/image\/","url":"https:\/\/www.tsubahotel.com\/wp-content\/uploads\/sites\/180\/2024\/10\/logo-hotel.png","contentUrl":"https:\/\/www.tsubahotel.com\/wp-content\/uploads\/sites\/180\/2024\/10\/logo-hotel.png","width":220,"height":210,"caption":"Le Tsuba Hotel"},"image":{"@id":"https:\/\/www.tsubahotel.com\/en\/#\/schema\/logo\/image\/"},"sameAs":["https:\/\/www.facebook.com\/LeTsubaHotel\/","https:\/\/twitter.com\/LeTsubaHotel","https:\/\/www.instagram.com\/letsubahotel\/"]}]}},"acf":[],"_links":{"self":[{"href":"https:\/\/www.tsubahotel.com\/en\/wp-json\/wp\/v2\/pages\/519"}],"collection":[{"href":"https:\/\/www.tsubahotel.com\/en\/wp-json\/wp\/v2\/pages"}],"about":[{"href":"https:\/\/www.tsubahotel.com\/en\/wp-json\/wp\/v2\/types\/page"}],"author":[{"embeddable":true,"href":"https:\/\/www.tsubahotel.com\/en\/wp-json\/wp\/v2\/users\/12"}],"replies":[{"embeddable":true,"href":"https:\/\/www.tsubahotel.com\/en\/wp-json\/wp\/v2\/comments?post=519"}],"version-history":[{"count":0,"href":"https:\/\/www.tsubahotel.com\/en\/wp-json\/wp\/v2\/pages\/519\/revisions"}],"wp:featuredmedia":[{"embeddable":true,"href":"https:\/\/www.tsubahotel.com\/en\/wp-json\/wp\/v2\/media\/377"}],"wp:attachment":[{"href":"https:\/\/www.tsubahotel.com\/en\/wp-json\/wp\/v2\/media?parent=519"}],"curies":[{"name":"wp","href":"https:\/\/api.w.org\/{rel}","templated":true}]}}